{"id":1165,"date":"2021-08-10T01:17:06","date_gmt":"2021-08-09T23:17:06","guid":{"rendered":"http:\/\/panamfishing.fr\/?page_id=1165"},"modified":"2023-06-25T18:45:07","modified_gmt":"2023-06-25T16:45:07","slug":"cours-float-tube","status":"publish","type":"page","link":"https:\/\/panamfishing.fr\/index.php\/cours-float-tube\/","title":{"rendered":"Cours Float-tube"},"content":{"rendered":"\n<figure class=\"wp-block-image aligncenter size-large is-resized\"><img loading=\"lazy\" decoding=\"async\" src=\"http:\/\/panamfishing.fr\/wp-content\/uploads\/2022\/11\/cours-de-peche-paris-float-tube-Paris-766x1024.jpg\" alt=\"cours de p\u00eache Paris\nguide de p\u00eache Paris\n\u00e9cole de p\u00eache Paris\nstage de p\u00eache Paris\" class=\"wp-image-1254\" width=\"482\" height=\"644\" srcset=\"https:\/\/panamfishing.fr\/wp-content\/uploads\/2022\/11\/cours-de-peche-paris-float-tube-Paris-766x1024.jpg 766w, https:\/\/panamfishing.fr\/wp-content\/uploads\/2022\/11\/cours-de-peche-paris-float-tube-Paris-224x300.jpg 224w, https:\/\/panamfishing.fr\/wp-content\/uploads\/2022\/11\/cours-de-peche-paris-float-tube-Paris-768x1027.jpg 768w, https:\/\/panamfishing.fr\/wp-content\/uploads\/2022\/11\/cours-de-peche-paris-float-tube-Paris.jpg 957w\" sizes=\"(max-width: 482px) 100vw, 482px\" \/><\/figure>\n\n\n<p class=\"p1\">Envie d&rsquo;\u00eatre encore plus proche de la nature? D\u00e9couvrez la <span style=\"color: #000080;\"><strong>p\u00eache en float-tube<\/strong><\/span>!<\/p>\n<p class=\"p1\">Sur l&rsquo;eau, palmes aux pieds, <span style=\"color: #000080;\"><strong>la p\u00eache des carnassiers aux leurres<\/strong><span style=\"color: #000000;\"> aura une saveur nouvelle dans cette <span style=\"color: #000080;\"><strong>embarcation gonflable<\/strong><\/span>. <span style=\"color: #000080;\"><strong>Gestion des courants, montages, leurres,<\/strong> <strong>comportement des esp\u00e8ces&#8230;<\/strong><\/span> seront autant d&rsquo;atout dans votre poche pour vous accompagner dans la maitrise de cette pratique.<\/span> <\/span><\/p>\n<p class=\"p1\"><span style=\"color: #000000;\">Tout le mat\u00e9riel de p\u00eache, le float-tube et les accessoires sont fournis (hors carte de p\u00eache), il ne reste plus qu\u2019\u00e0 essayer ! <br><\/span><\/p>\n<p class=\"p1\"><em>Tous les poissons captur\u00e9s seront rel\u00e2ch\u00e9s dans les meilleures conditions afin de respecter nos partenaires de jeux et la biodiversit\u00e9 aquatique.<\/em><\/p>\n\n\n<div class=\"wp-block-columns is-layout-flex wp-container-core-columns-is-layout-2 wp-block-columns-is-layout-flex\">\n<div class=\"wp-block-column is-layout-flow wp-block-column-is-layout-flow\" style=\"flex-basis:100%\">\n<div class=\"wp-block-columns is-layout-flex wp-container-core-columns-is-layout-1 wp-block-columns-is-layout-flex\">\n<div class=\"wp-block-column is-layout-flow wp-block-column-is-layout-flow\" style=\"flex-basis:100%\">\n<style>\n.tbody {\n  width: 100%;\n  color: #102983;\n}\n\n.tr {\n  display: flex;\n}\n\n.head {\n  background-color: #102983;\n  color: white;\n  width: calc(100% \/ 3);\n}\n\n.td {\n  padding: 5px;\n  width: calc(100% \/ 3);\n  max-width: calc(100% \/ 3);\n  text-align: center;\n  border-bottom: solid 1px #102983;\n  border-right: solid 1px #102983;\n}\n.td-2 {\n  width: calc((100% \/ 3) * 2);\n  text-align: center;\n  border-bottom: solid 1px #102983;\n  border-right: solid 1px #102983;\n}\n\n.last .head {\n  padding: 10px !important;\n}\n\n.last .td, .last .td-2{\n  padding: 20px;\n  display: flex;\n  flex-direction: column;\n  justify-content: center;\n}\n\n.info {\n  text-align: center;\n  margin: 5px;\n}\n.h2 {\n  display: flex;\n  letter-spacing: 0.1em;\n}\n.h2 span {\n  font-size: 1.2rem;\n  margin-right: 10px;\n}\n<\/style>\n\n<div class=\"tbody\">\n    <h2 class=\"h2\"> TARIFS* GUIDAGES FLOAT-TUBE<\/h2>\n    <div class=\"tr\">\n      <div class=\"td\"><\/div>\n      <div class=\"td head\">Journ\u00e9e compl\u00e8te (6h) *<\/div>      \n    <\/div>\n    <div class=\"tr\">\n      <div class=\"td head\"> 1 personne <\/div>\n      <div class=\"td\"> 230\u20ac <\/div>      \n    <\/div>\n    <div class=\"tr\">\n      <div class=\"td head\"> 2 personnes <\/div>\n      <div class=\"td\"> 210\u20ac <\/div>      \n    <\/div>\n    <div class=\"info\"> <i>* Prix par personne, mat\u00e9riel fourni<\/i><\/div>\n<\/div>\n<\/div>\n<\/div>\n<\/div>\n<\/div>\n\n\n<hr>\n<p><span style=\"color: #000080;\"><strong>Renseignements et r\u00e9servations :<\/strong><\/span><\/p>\n<p>Stanislas Walotek (guide de p\u00eache) au <span style=\"color: #000080;\"><strong><a style=\"color: #000080;\" href=\"tel:+33677011950\">0677011950<\/a><\/strong> <\/span>ou <span style=\"color: #000080;\"><strong><a style=\"color: #000080;\" href=\"mailto:panam.fishing@outlook.fr\">panam.fishing@outlook.fr<\/a><\/strong><\/span><\/p>\n<hr>\n\n\n<div class=\"wp-block-group\"><div class=\"wp-block-group__inner-container is-layout-flow wp-block-group-is-layout-flow\">\n<p><\/p>\n<\/div><\/div>\n\n\n\n<figure class=\"wp-block-gallery has-nested-images columns-default is-cropped wp-block-gallery-1 is-layout-flex wp-block-gallery-is-layout-flex\">\n<figure class=\"wp-block-image size-large\"><img loading=\"lazy\" decoding=\"async\" width=\"766\" height=\"1024\" data-id=\"1262\" src=\"http:\/\/panamfishing.fr\/wp-content\/uploads\/2022\/11\/guide-et-cours-de-peche-Paris-766x1024.jpg\" alt=\"cours de p\u00eache Paris\nguide de p\u00eache Paris\n\u00e9cole de p\u00eache Paris\nstage de p\u00eache Paris\" class=\"wp-image-1262\" srcset=\"https:\/\/panamfishing.fr\/wp-content\/uploads\/2022\/11\/guide-et-cours-de-peche-Paris-766x1024.jpg 766w, https:\/\/panamfishing.fr\/wp-content\/uploads\/2022\/11\/guide-et-cours-de-peche-Paris-224x300.jpg 224w, https:\/\/panamfishing.fr\/wp-content\/uploads\/2022\/11\/guide-et-cours-de-peche-Paris-768x1027.jpg 768w, https:\/\/panamfishing.fr\/wp-content\/uploads\/2022\/11\/guide-et-cours-de-peche-Paris.jpg 957w\" sizes=\"(max-width: 706px) 89vw, (max-width: 767px) 82vw, 740px\" \/><\/figure>\n\n\n\n<figure class=\"wp-block-image size-large\"><img loading=\"lazy\" decoding=\"async\" width=\"766\" height=\"1024\" data-id=\"1253\" src=\"http:\/\/panamfishing.fr\/wp-content\/uploads\/2022\/11\/cours-de-peche-en-float-tube-Paris-766x1024.jpg\" alt=\"cours de p\u00eache Paris\nguide de p\u00eache Paris\n\u00e9cole de p\u00eache Paris\nstage de p\u00eache Paris\" class=\"wp-image-1253\" srcset=\"https:\/\/panamfishing.fr\/wp-content\/uploads\/2022\/11\/cours-de-peche-en-float-tube-Paris-766x1024.jpg 766w, https:\/\/panamfishing.fr\/wp-content\/uploads\/2022\/11\/cours-de-peche-en-float-tube-Paris-224x300.jpg 224w, https:\/\/panamfishing.fr\/wp-content\/uploads\/2022\/11\/cours-de-peche-en-float-tube-Paris-768x1027.jpg 768w, https:\/\/panamfishing.fr\/wp-content\/uploads\/2022\/11\/cours-de-peche-en-float-tube-Paris.jpg 957w\" sizes=\"(max-width: 706px) 89vw, (max-width: 767px) 82vw, 740px\" \/><\/figure>\n<\/figure>\n","protected":false},"excerpt":{"rendered":"<p>Envie d&rsquo;\u00eatre encore plus proche de la nature? D\u00e9couvrez la p\u00eache en float-tube! Sur l&rsquo;eau, palmes aux pieds, la p\u00eache des carnassiers aux leurres aura une saveur nouvelle dans cette embarcation gonflable. Gestion des courants, montages, leurres, comportement des esp\u00e8ces&#8230; seront autant d&rsquo;atout dans votre poche pour vous accompagner dans la maitrise de cette pratique. &hellip; <\/p>\n<p class=\"link-more\"><a href=\"https:\/\/panamfishing.fr\/index.php\/cours-float-tube\/\" class=\"more-link\">Continuer la lecture<span class=\"screen-reader-text\"> de &laquo;&nbsp;Cours Float-tube&nbsp;&raquo;<\/span><\/a><\/p>\n","protected":false},"author":1,"featured_media":0,"parent":0,"menu_order":0,"comment_status":"closed","ping_status":"closed","template":"","meta":{"footnotes":""},"aioseo_notices":[],"_links":{"self":[{"href":"https:\/\/panamfishing.fr\/index.php\/wp-json\/wp\/v2\/pages\/1165"}],"collection":[{"href":"https:\/\/panamfishing.fr\/index.php\/wp-json\/wp\/v2\/pages"}],"about":[{"href":"https:\/\/panamfishing.fr\/index.php\/wp-json\/wp\/v2\/types\/page"}],"author":[{"embeddable":true,"href":"https:\/\/panamfishing.fr\/index.php\/wp-json\/wp\/v2\/users\/1"}],"replies":[{"embeddable":true,"href":"https:\/\/panamfishing.fr\/index.php\/wp-json\/wp\/v2\/comments?post=1165"}],"version-history":[{"count":13,"href":"https:\/\/panamfishing.fr\/index.php\/wp-json\/wp\/v2\/pages\/1165\/revisions"}],"predecessor-version":[{"id":1305,"href":"https:\/\/panamfishing.fr\/index.php\/wp-json\/wp\/v2\/pages\/1165\/revisions\/1305"}],"wp:attachment":[{"href":"https:\/\/panamfishing.fr\/index.php\/wp-json\/wp\/v2\/media?parent=1165"}],"curies":[{"name":"wp","href":"https:\/\/api.w.org\/{rel}","templated":true}]}}