{"id":365,"date":"2019-01-15T08:18:54","date_gmt":"2019-01-15T07:18:54","guid":{"rendered":"http:\/\/panamfishing.fr\/?page_id=365"},"modified":"2022-11-22T19:06:21","modified_gmt":"2022-11-22T18:06:21","slug":"galerie-photos","status":"publish","type":"page","link":"https:\/\/panamfishing.fr\/index.php\/galerie-photos\/","title":{"rendered":"Galerie Photos"},"content":{"rendered":"\n<figure class=\"wp-block-gallery has-nested-images columns-default is-cropped wp-block-gallery-1 is-layout-flex wp-block-gallery-is-layout-flex\">\n<figure class=\"wp-block-image size-large\"><img loading=\"lazy\" decoding=\"async\" width=\"1024\" height=\"683\" data-id=\"917\" src=\"http:\/\/panamfishing.fr\/wp-content\/uploads\/2021\/05\/peche-carpe-1024x683.jpg\" alt=\"cours de p\u00eache Paris\nguide de p\u00eache Paris\n\u00e9cole de p\u00eache Paris\nstage de p\u00eache Paris\" class=\"wp-image-917\" srcset=\"https:\/\/panamfishing.fr\/wp-content\/uploads\/2021\/05\/peche-carpe-1024x683.jpg 1024w, https:\/\/panamfishing.fr\/wp-content\/uploads\/2021\/05\/peche-carpe-300x200.jpg 300w, https:\/\/panamfishing.fr\/wp-content\/uploads\/2021\/05\/peche-carpe-768x512.jpg 768w, https:\/\/panamfishing.fr\/wp-content\/uploads\/2021\/05\/peche-carpe-1536x1024.jpg 1536w, https:\/\/panamfishing.fr\/wp-content\/uploads\/2021\/05\/peche-carpe.jpg 1944w\" sizes=\"(max-width: 706px) 89vw, (max-width: 767px) 82vw, 740px\" \/><\/figure>\n\n\n\n<figure class=\"wp-block-image size-large\"><img loading=\"lazy\" decoding=\"async\" width=\"766\" height=\"1024\" data-id=\"911\" src=\"http:\/\/panamfishing.fr\/wp-content\/uploads\/2021\/05\/guide-de-peche-Paris-brochet-street-fishing-766x1024.jpg\" alt=\"cours de p\u00eache Paris\nguide de p\u00eache Paris\n\u00e9cole de p\u00eache Paris\nstage de p\u00eache Paris\" class=\"wp-image-911\" srcset=\"https:\/\/panamfishing.fr\/wp-content\/uploads\/2021\/05\/guide-de-peche-Paris-brochet-street-fishing-766x1024.jpg 766w, https:\/\/panamfishing.fr\/wp-content\/uploads\/2021\/05\/guide-de-peche-Paris-brochet-street-fishing-224x300.jpg 224w, https:\/\/panamfishing.fr\/wp-content\/uploads\/2021\/05\/guide-de-peche-Paris-brochet-street-fishing-768x1027.jpg 768w, https:\/\/panamfishing.fr\/wp-content\/uploads\/2021\/05\/guide-de-peche-Paris-brochet-street-fishing.jpg 957w\" sizes=\"(max-width: 706px) 89vw, (max-width: 767px) 82vw, 740px\" \/><figcaption class=\"wp-element-caption\">street fishing Paris<\/figcaption><\/figure>\n\n\n\n<figure class=\"wp-block-image size-large\"><img loading=\"lazy\" decoding=\"async\" width=\"766\" height=\"1024\" data-id=\"906\" src=\"http:\/\/panamfishing.fr\/wp-content\/uploads\/2021\/05\/Cours-de-peche-Paris-ecole-de-peche-Paris-766x1024.jpg\" alt=\"cours de p\u00eache Paris\nguide de p\u00eache Paris\n\u00e9cole de p\u00eache Paris\nstage de p\u00eache Paris\" class=\"wp-image-906\" srcset=\"https:\/\/panamfishing.fr\/wp-content\/uploads\/2021\/05\/Cours-de-peche-Paris-ecole-de-peche-Paris-766x1024.jpg 766w, https:\/\/panamfishing.fr\/wp-content\/uploads\/2021\/05\/Cours-de-peche-Paris-ecole-de-peche-Paris-224x300.jpg 224w, https:\/\/panamfishing.fr\/wp-content\/uploads\/2021\/05\/Cours-de-peche-Paris-ecole-de-peche-Paris-768x1027.jpg 768w, https:\/\/panamfishing.fr\/wp-content\/uploads\/2021\/05\/Cours-de-peche-Paris-ecole-de-peche-Paris.jpg 957w\" sizes=\"(max-width: 706px) 89vw, (max-width: 767px) 82vw, 740px\" \/><figcaption class=\"wp-element-caption\">street fishing Paris<\/figcaption><\/figure>\n\n\n\n<figure class=\"wp-block-image size-large\"><img loading=\"lazy\" decoding=\"async\" width=\"1024\" height=\"768\" data-id=\"721\" src=\"http:\/\/panamfishing.fr\/wp-content\/uploads\/2020\/06\/Cours-de-p\u00eache-Paris-guide-de-p\u00eache-1024x768.jpg\" alt=\"cours de p\u00eache Paris\nguide de p\u00eache Paris\n\u00e9cole de p\u00eache Paris\nstage de p\u00eache Paris\" class=\"wp-image-721\" srcset=\"https:\/\/panamfishing.fr\/wp-content\/uploads\/2020\/06\/Cours-de-p\u00eache-Paris-guide-de-p\u00eache-1024x768.jpg 1024w, https:\/\/panamfishing.fr\/wp-content\/uploads\/2020\/06\/Cours-de-p\u00eache-Paris-guide-de-p\u00eache-300x225.jpg 300w, https:\/\/panamfishing.fr\/wp-content\/uploads\/2020\/06\/Cours-de-p\u00eache-Paris-guide-de-p\u00eache-768x576.jpg 768w, https:\/\/panamfishing.fr\/wp-content\/uploads\/2020\/06\/Cours-de-p\u00eache-Paris-guide-de-p\u00eache-1536x1152.jpg 1536w, https:\/\/panamfishing.fr\/wp-content\/uploads\/2020\/06\/Cours-de-p\u00eache-Paris-guide-de-p\u00eache.jpg 1600w\" sizes=\"(max-width: 706px) 89vw, (max-width: 767px) 82vw, 740px\" \/><figcaption class=\"wp-element-caption\">guide de p\u00eache Paris<\/figcaption><\/figure>\n\n\n\n<figure class=\"wp-block-image size-large\"><img loading=\"lazy\" decoding=\"async\" width=\"575\" height=\"1024\" data-id=\"628\" src=\"http:\/\/panamfishing.fr\/wp-content\/uploads\/2020\/06\/Cours-de-p\u00eache-Paris-575x1024.jpg\" alt=\"cours de p\u00eache Paris\nguide de p\u00eache Paris\n\u00e9cole de p\u00eache Paris\nstage de p\u00eache Paris\" class=\"wp-image-628\" srcset=\"https:\/\/panamfishing.fr\/wp-content\/uploads\/2020\/06\/Cours-de-p\u00eache-Paris-575x1024.jpg 575w, https:\/\/panamfishing.fr\/wp-content\/uploads\/2020\/06\/Cours-de-p\u00eache-Paris-168x300.jpg 168w, https:\/\/panamfishing.fr\/wp-content\/uploads\/2020\/06\/Cours-de-p\u00eache-Paris-768x1368.jpg 768w, https:\/\/panamfishing.fr\/wp-content\/uploads\/2020\/06\/Cours-de-p\u00eache-Paris-863x1536.jpg 863w, https:\/\/panamfishing.fr\/wp-content\/uploads\/2020\/06\/Cours-de-p\u00eache-Paris-1150x2048.jpg 1150w, https:\/\/panamfishing.fr\/wp-content\/uploads\/2020\/06\/Cours-de-p\u00eache-Paris-scaled.jpg 1438w\" sizes=\"(max-width: 575px) 100vw, 575px\" \/><figcaption class=\"wp-element-caption\">\u00e9cole de p\u00eache Paris<\/figcaption><\/figure>\n\n\n\n<figure class=\"wp-block-image size-large\"><img loading=\"lazy\" decoding=\"async\" width=\"1024\" height=\"574\" data-id=\"915\" src=\"http:\/\/panamfishing.fr\/wp-content\/uploads\/2021\/05\/guide-de-peche-Paris-silure-1024x574.jpg\" alt=\"cours de p\u00eache Paris\nguide de p\u00eache Paris\n\u00e9cole de p\u00eache Paris\nstage de p\u00eache Paris\" class=\"wp-image-915\" srcset=\"https:\/\/panamfishing.fr\/wp-content\/uploads\/2021\/05\/guide-de-peche-Paris-silure-1024x574.jpg 1024w, https:\/\/panamfishing.fr\/wp-content\/uploads\/2021\/05\/guide-de-peche-Paris-silure-300x168.jpg 300w, https:\/\/panamfishing.fr\/wp-content\/uploads\/2021\/05\/guide-de-peche-Paris-silure-768x431.jpg 768w, https:\/\/panamfishing.fr\/wp-content\/uploads\/2021\/05\/guide-de-peche-Paris-silure.jpg 1280w\" sizes=\"(max-width: 706px) 89vw, (max-width: 767px) 82vw, 740px\" \/><\/figure>\n\n\n\n<figure class=\"wp-block-image size-large\"><img loading=\"lazy\" decoding=\"async\" width=\"1024\" height=\"769\" data-id=\"916\" src=\"http:\/\/panamfishing.fr\/wp-content\/uploads\/2021\/05\/guide-de-peche-silure-1024x769.jpg\" alt=\"cours de p\u00eache Paris\nguide de p\u00eache Paris\n\u00e9cole de p\u00eache Paris\nstage de p\u00eache Paris\" class=\"wp-image-916\" srcset=\"https:\/\/panamfishing.fr\/wp-content\/uploads\/2021\/05\/guide-de-peche-silure-1024x769.jpg 1024w, https:\/\/panamfishing.fr\/wp-content\/uploads\/2021\/05\/guide-de-peche-silure-300x225.jpg 300w, https:\/\/panamfishing.fr\/wp-content\/uploads\/2021\/05\/guide-de-peche-silure-768x577.jpg 768w, https:\/\/panamfishing.fr\/wp-content\/uploads\/2021\/05\/guide-de-peche-silure.jpg 1280w\" sizes=\"(max-width: 706px) 89vw, (max-width: 767px) 82vw, 740px\" \/><\/figure>\n\n\n\n<figure class=\"wp-block-image size-large\"><img loading=\"lazy\" decoding=\"async\" width=\"720\" height=\"540\" data-id=\"732\" src=\"http:\/\/panamfishing.fr\/wp-content\/uploads\/2020\/06\/\u00e9cole-de-p\u00eache.jpeg\" alt=\"\u00e9cole de p\u00eache Paris\ncours de p\u00eache Paris\nguide de p\u00eache Paris\n\u00e9cole de p\u00eache Paris\nstage de p\u00eache Paris\" class=\"wp-image-732\" srcset=\"https:\/\/panamfishing.fr\/wp-content\/uploads\/2020\/06\/\u00e9cole-de-p\u00eache.jpeg 720w, https:\/\/panamfishing.fr\/wp-content\/uploads\/2020\/06\/\u00e9cole-de-p\u00eache-300x225.jpeg 300w\" sizes=\"(max-width: 720px) 100vw, 720px\" \/><figcaption class=\"wp-element-caption\">\u00e9cole de p\u00eache Paris<\/figcaption><\/figure>\n\n\n\n<figure class=\"wp-block-image size-large\"><img loading=\"lazy\" decoding=\"async\" width=\"575\" height=\"1024\" data-id=\"546\" src=\"http:\/\/panamfishing.fr\/wp-content\/uploads\/2019\/09\/guide-de-p\u00eache-Paris-2-575x1024.jpg\" alt=\"cours de p\u00eache Paris\nguide de p\u00eache Paris\n\u00e9cole de p\u00eache Paris\nstage de p\u00eache Paris\" class=\"wp-image-546\" srcset=\"https:\/\/panamfishing.fr\/wp-content\/uploads\/2019\/09\/guide-de-p\u00eache-Paris-2-575x1024.jpg 575w, https:\/\/panamfishing.fr\/wp-content\/uploads\/2019\/09\/guide-de-p\u00eache-Paris-2-168x300.jpg 168w, https:\/\/panamfishing.fr\/wp-content\/uploads\/2019\/09\/guide-de-p\u00eache-Paris-2-768x1368.jpg 768w\" sizes=\"(max-width: 575px) 100vw, 575px\" \/><\/figure>\n\n\n\n<figure class=\"wp-block-image size-large\"><img loading=\"lazy\" decoding=\"async\" width=\"575\" height=\"1024\" data-id=\"536\" src=\"http:\/\/panamfishing.fr\/wp-content\/uploads\/2019\/09\/p\u00eache-\u00e0-Paris.-Guide-de-peche-575x1024.jpg\" alt=\"cours de p\u00eache Paris\nguide de p\u00eache Paris\n\u00e9cole de p\u00eache Paris\nstage de p\u00eache Paris\" class=\"wp-image-536\" srcset=\"https:\/\/panamfishing.fr\/wp-content\/uploads\/2019\/09\/p\u00eache-\u00e0-Paris.-Guide-de-peche-575x1024.jpg 575w, https:\/\/panamfishing.fr\/wp-content\/uploads\/2019\/09\/p\u00eache-\u00e0-Paris.-Guide-de-peche-168x300.jpg 168w, https:\/\/panamfishing.fr\/wp-content\/uploads\/2019\/09\/p\u00eache-\u00e0-Paris.-Guide-de-peche-768x1368.jpg 768w\" sizes=\"(max-width: 575px) 100vw, 575px\" \/><\/figure>\n\n\n\n<figure class=\"wp-block-image size-large\"><img loading=\"lazy\" decoding=\"async\" width=\"575\" height=\"1024\" data-id=\"537\" src=\"http:\/\/panamfishing.fr\/wp-content\/uploads\/2019\/09\/p\u00eache-guide-de-p\u00eache-575x1024.jpg\" alt=\"cours de p\u00eache Paris\nguide de p\u00eache Paris\n\u00e9cole de p\u00eache Paris\nstage de p\u00eache Paris\" class=\"wp-image-537\" srcset=\"https:\/\/panamfishing.fr\/wp-content\/uploads\/2019\/09\/p\u00eache-guide-de-p\u00eache-575x1024.jpg 575w, https:\/\/panamfishing.fr\/wp-content\/uploads\/2019\/09\/p\u00eache-guide-de-p\u00eache-168x300.jpg 168w, https:\/\/panamfishing.fr\/wp-content\/uploads\/2019\/09\/p\u00eache-guide-de-p\u00eache-768x1368.jpg 768w\" sizes=\"(max-width: 575px) 100vw, 575px\" \/><\/figure>\n<\/figure>\n\n\n\n<figure class=\"wp-block-gallery has-nested-images columns-default is-cropped wp-block-gallery-2 is-layout-flex wp-block-gallery-is-layout-flex\">\n<figure class=\"wp-block-image size-large\"><img loading=\"lazy\" decoding=\"async\" width=\"1024\" height=\"766\" data-id=\"938\" src=\"http:\/\/panamfishing.fr\/wp-content\/uploads\/2021\/05\/perche-peche-Paris-cours-de-peche-1024x766.jpg\" alt=\"guide de p\u00eache Paris\ncours de p\u00eache Paris\nguide de p\u00eache Paris\n\u00e9cole de p\u00eache Paris\nstage de p\u00eache Paris\" class=\"wp-image-938\" srcset=\"https:\/\/panamfishing.fr\/wp-content\/uploads\/2021\/05\/perche-peche-Paris-cours-de-peche-1024x766.jpg 1024w, https:\/\/panamfishing.fr\/wp-content\/uploads\/2021\/05\/perche-peche-Paris-cours-de-peche-300x224.jpg 300w, https:\/\/panamfishing.fr\/wp-content\/uploads\/2021\/05\/perche-peche-Paris-cours-de-peche-768x574.jpg 768w, https:\/\/panamfishing.fr\/wp-content\/uploads\/2021\/05\/perche-peche-Paris-cours-de-peche.jpg 1280w\" sizes=\"(max-width: 706px) 89vw, (max-width: 767px) 82vw, 740px\" \/><\/figure>\n\n\n\n<figure class=\"wp-block-image size-large\"><img loading=\"lazy\" decoding=\"async\" width=\"683\" height=\"1024\" data-id=\"937\" src=\"http:\/\/panamfishing.fr\/wp-content\/uploads\/2021\/05\/Guide-de-peche-street-fishing-Paris-tour-eiffel-683x1024.jpg\" alt=\"cours de p\u00eache Paris\nguide de p\u00eache Paris\n\u00e9cole de p\u00eache Paris\nstage de p\u00eache Paris\" class=\"wp-image-937\" srcset=\"https:\/\/panamfishing.fr\/wp-content\/uploads\/2021\/05\/Guide-de-peche-street-fishing-Paris-tour-eiffel-683x1024.jpg 683w, https:\/\/panamfishing.fr\/wp-content\/uploads\/2021\/05\/Guide-de-peche-street-fishing-Paris-tour-eiffel-200x300.jpg 200w, https:\/\/panamfishing.fr\/wp-content\/uploads\/2021\/05\/Guide-de-peche-street-fishing-Paris-tour-eiffel-768x1152.jpg 768w, https:\/\/panamfishing.fr\/wp-content\/uploads\/2021\/05\/Guide-de-peche-street-fishing-Paris-tour-eiffel-1024x1536.jpg 1024w, https:\/\/panamfishing.fr\/wp-content\/uploads\/2021\/05\/Guide-de-peche-street-fishing-Paris-tour-eiffel.jpg 1365w\" sizes=\"(max-width: 683px) 100vw, 683px\" \/><\/figure>\n\n\n\n<figure class=\"wp-block-image size-large\"><img loading=\"lazy\" decoding=\"async\" width=\"1024\" height=\"766\" data-id=\"936\" src=\"http:\/\/panamfishing.fr\/wp-content\/uploads\/2021\/05\/guide-de-peche-street-fishing-Paris-tour-eiffel-2-1024x766.jpg\" alt=\"cours de p\u00eache Paris\nguide de p\u00eache Paris\n\u00e9cole de p\u00eache Paris\nstage de p\u00eache Paris\" class=\"wp-image-936\" srcset=\"https:\/\/panamfishing.fr\/wp-content\/uploads\/2021\/05\/guide-de-peche-street-fishing-Paris-tour-eiffel-2-1024x766.jpg 1024w, https:\/\/panamfishing.fr\/wp-content\/uploads\/2021\/05\/guide-de-peche-street-fishing-Paris-tour-eiffel-2-300x224.jpg 300w, https:\/\/panamfishing.fr\/wp-content\/uploads\/2021\/05\/guide-de-peche-street-fishing-Paris-tour-eiffel-2-768x574.jpg 768w, https:\/\/panamfishing.fr\/wp-content\/uploads\/2021\/05\/guide-de-peche-street-fishing-Paris-tour-eiffel-2.jpg 1280w\" sizes=\"(max-width: 706px) 89vw, (max-width: 767px) 82vw, 740px\" \/><\/figure>\n\n\n\n<figure class=\"wp-block-image size-large\"><img loading=\"lazy\" decoding=\"async\" width=\"1024\" height=\"1024\" data-id=\"934\" src=\"http:\/\/panamfishing.fr\/wp-content\/uploads\/2021\/05\/ecole-de-peche-Paris-1024x1024.jpg\" alt=\"cours de p\u00eache Paris\nguide de p\u00eache Paris\n\u00e9cole de p\u00eache Paris\nstage de p\u00eache Paris\" class=\"wp-image-934\" srcset=\"https:\/\/panamfishing.fr\/wp-content\/uploads\/2021\/05\/ecole-de-peche-Paris-1024x1024.jpg 1024w, https:\/\/panamfishing.fr\/wp-content\/uploads\/2021\/05\/ecole-de-peche-Paris-300x300.jpg 300w, https:\/\/panamfishing.fr\/wp-content\/uploads\/2021\/05\/ecole-de-peche-Paris-150x150.jpg 150w, https:\/\/panamfishing.fr\/wp-content\/uploads\/2021\/05\/ecole-de-peche-Paris-768x768.jpg 768w, https:\/\/panamfishing.fr\/wp-content\/uploads\/2021\/05\/ecole-de-peche-Paris-100x100.jpg 100w, https:\/\/panamfishing.fr\/wp-content\/uploads\/2021\/05\/ecole-de-peche-Paris.jpg 1440w\" sizes=\"(max-width: 706px) 89vw, (max-width: 767px) 82vw, 740px\" \/><\/figure>\n\n\n\n<figure class=\"wp-block-image size-large\"><img loading=\"lazy\" decoding=\"async\" width=\"683\" height=\"1024\" data-id=\"914\" src=\"http:\/\/panamfishing.fr\/wp-content\/uploads\/2021\/05\/cours-de-peche-du-brochet-Paris-683x1024.jpg\" alt=\"cours de p\u00eache Paris\nguide de p\u00eache Paris\n\u00e9cole de p\u00eache Paris\nstage de p\u00eache Paris\" class=\"wp-image-914\" srcset=\"https:\/\/panamfishing.fr\/wp-content\/uploads\/2021\/05\/cours-de-peche-du-brochet-Paris-683x1024.jpg 683w, https:\/\/panamfishing.fr\/wp-content\/uploads\/2021\/05\/cours-de-peche-du-brochet-Paris-200x300.jpg 200w, https:\/\/panamfishing.fr\/wp-content\/uploads\/2021\/05\/cours-de-peche-du-brochet-Paris-768x1151.jpg 768w, https:\/\/panamfishing.fr\/wp-content\/uploads\/2021\/05\/cours-de-peche-du-brochet-Paris-1025x1536.jpg 1025w, https:\/\/panamfishing.fr\/wp-content\/uploads\/2021\/05\/cours-de-peche-du-brochet-Paris.jpg 1366w\" sizes=\"(max-width: 683px) 100vw, 683px\" \/><\/figure>\n\n\n\n<figure class=\"wp-block-image size-large\"><img loading=\"lazy\" decoding=\"async\" width=\"575\" height=\"1024\" data-id=\"543\" src=\"http:\/\/panamfishing.fr\/wp-content\/uploads\/2019\/09\/guide-de-p\u00eache.-p\u00eache-\u00e0-Paris-2-1-575x1024.jpg\" alt=\"cours de p\u00eache Paris\nguide de p\u00eache Paris\n\u00e9cole de p\u00eache Paris\nstage de p\u00eache Paris\" class=\"wp-image-543\" srcset=\"https:\/\/panamfishing.fr\/wp-content\/uploads\/2019\/09\/guide-de-p\u00eache.-p\u00eache-\u00e0-Paris-2-1-575x1024.jpg 575w, https:\/\/panamfishing.fr\/wp-content\/uploads\/2019\/09\/guide-de-p\u00eache.-p\u00eache-\u00e0-Paris-2-1-168x300.jpg 168w, https:\/\/panamfishing.fr\/wp-content\/uploads\/2019\/09\/guide-de-p\u00eache.-p\u00eache-\u00e0-Paris-2-1-768x1368.jpg 768w\" sizes=\"(max-width: 575px) 100vw, 575px\" \/><\/figure>\n<\/figure>\n\n\n\n<figure class=\"wp-block-gallery has-nested-images columns-default is-cropped wp-block-gallery-3 is-layout-flex wp-block-gallery-is-layout-flex\">\n<figure class=\"wp-block-image size-large\"><img loading=\"lazy\" decoding=\"async\" width=\"1024\" height=\"683\" data-id=\"1234\" src=\"http:\/\/panamfishing.fr\/wp-content\/uploads\/2022\/11\/cours-de-peche-Paris-1024x683.jpeg\" alt=\"cours de p\u00eache Paris\nguide de p\u00eache Paris\n\u00e9cole de p\u00eache Paris\nstage de p\u00eache Paris\" class=\"wp-image-1234\" srcset=\"https:\/\/panamfishing.fr\/wp-content\/uploads\/2022\/11\/cours-de-peche-Paris-1024x683.jpeg 1024w, https:\/\/panamfishing.fr\/wp-content\/uploads\/2022\/11\/cours-de-peche-Paris-300x200.jpeg 300w, https:\/\/panamfishing.fr\/wp-content\/uploads\/2022\/11\/cours-de-peche-Paris-768x512.jpeg 768w, https:\/\/panamfishing.fr\/wp-content\/uploads\/2022\/11\/cours-de-peche-Paris-1536x1025.jpeg 1536w, https:\/\/panamfishing.fr\/wp-content\/uploads\/2022\/11\/cours-de-peche-Paris.jpeg 2048w\" sizes=\"(max-width: 706px) 89vw, (max-width: 767px) 82vw, 740px\" \/><\/figure>\n\n\n\n<figure class=\"wp-block-image size-large\"><img loading=\"lazy\" decoding=\"async\" width=\"1024\" height=\"683\" data-id=\"1235\" src=\"http:\/\/panamfishing.fr\/wp-content\/uploads\/2022\/11\/street-fishing-Paris-1024x683.jpg\" alt=\"cours de p\u00eache Paris\nguide de p\u00eache Paris\n\u00e9cole de p\u00eache Paris\nstage de p\u00eache Paris\" class=\"wp-image-1235\" srcset=\"https:\/\/panamfishing.fr\/wp-content\/uploads\/2022\/11\/street-fishing-Paris-1024x683.jpg 1024w, https:\/\/panamfishing.fr\/wp-content\/uploads\/2022\/11\/street-fishing-Paris-300x200.jpg 300w, https:\/\/panamfishing.fr\/wp-content\/uploads\/2022\/11\/street-fishing-Paris-768x512.jpg 768w, https:\/\/panamfishing.fr\/wp-content\/uploads\/2022\/11\/street-fishing-Paris-1536x1024.jpg 1536w, https:\/\/panamfishing.fr\/wp-content\/uploads\/2022\/11\/street-fishing-Paris.jpg 2048w\" sizes=\"(max-width: 706px) 89vw, (max-width: 767px) 82vw, 740px\" \/><\/figure>\n\n\n\n<figure class=\"wp-block-image size-large\"><img loading=\"lazy\" decoding=\"async\" width=\"1024\" height=\"683\" data-id=\"1230\" src=\"http:\/\/panamfishing.fr\/wp-content\/uploads\/2022\/11\/cours-de-peche-Paris-1024x683.jpg\" alt=\"cours de p\u00eache Paris\nguide de p\u00eache Paris\n\u00e9cole de p\u00eache\ncours de p\u00eache Paris\nguide de p\u00eache Paris\n\u00e9cole de p\u00eache Paris\nstage de p\u00eache Paris\" class=\"wp-image-1230\" srcset=\"https:\/\/panamfishing.fr\/wp-content\/uploads\/2022\/11\/cours-de-peche-Paris-1024x683.jpg 1024w, https:\/\/panamfishing.fr\/wp-content\/uploads\/2022\/11\/cours-de-peche-Paris-300x200.jpg 300w, https:\/\/panamfishing.fr\/wp-content\/uploads\/2022\/11\/cours-de-peche-Paris-768x512.jpg 768w, https:\/\/panamfishing.fr\/wp-content\/uploads\/2022\/11\/cours-de-peche-Paris-1536x1024.jpg 1536w, https:\/\/panamfishing.fr\/wp-content\/uploads\/2022\/11\/cours-de-peche-Paris-2048x1365.jpg 2048w\" sizes=\"(max-width: 706px) 89vw, (max-width: 767px) 82vw, 740px\" \/><\/figure>\n<\/figure>\n\n\n\n<figure class=\"wp-block-gallery has-nested-images columns-default is-cropped wp-block-gallery-4 is-layout-flex wp-block-gallery-is-layout-flex\">\n<figure class=\"wp-block-image size-large\"><img loading=\"lazy\" decoding=\"async\" width=\"683\" height=\"1024\" data-id=\"1233\" src=\"http:\/\/panamfishing.fr\/wp-content\/uploads\/2022\/11\/cours-de-peche-Paris-2-683x1024.jpg\" alt=\"cours de p\u00eache Paris\nguide de p\u00eache Paris\n\u00e9cole de p\u00eache Paris\nstage de p\u00eache Paris\" class=\"wp-image-1233\" srcset=\"https:\/\/panamfishing.fr\/wp-content\/uploads\/2022\/11\/cours-de-peche-Paris-2-683x1024.jpg 683w, https:\/\/panamfishing.fr\/wp-content\/uploads\/2022\/11\/cours-de-peche-Paris-2-200x300.jpg 200w, https:\/\/panamfishing.fr\/wp-content\/uploads\/2022\/11\/cours-de-peche-Paris-2-768x1152.jpg 768w, https:\/\/panamfishing.fr\/wp-content\/uploads\/2022\/11\/cours-de-peche-Paris-2-1024x1536.jpg 1024w, https:\/\/panamfishing.fr\/wp-content\/uploads\/2022\/11\/cours-de-peche-Paris-2.jpg 1365w\" sizes=\"(max-width: 683px) 100vw, 683px\" \/><\/figure>\n\n\n\n<figure class=\"wp-block-image size-large\"><img loading=\"lazy\" decoding=\"async\" width=\"683\" height=\"1024\" data-id=\"1231\" src=\"http:\/\/panamfishing.fr\/wp-content\/uploads\/2022\/11\/guide-de-peche-Paris-683x1024.jpg\" alt=\"cours de p\u00eache Paris\nguide de p\u00eache Paris\n\u00e9cole de p\u00eache Paris\nstage de p\u00eache Paris\" class=\"wp-image-1231\" srcset=\"https:\/\/panamfishing.fr\/wp-content\/uploads\/2022\/11\/guide-de-peche-Paris-683x1024.jpg 683w, https:\/\/panamfishing.fr\/wp-content\/uploads\/2022\/11\/guide-de-peche-Paris-200x300.jpg 200w, https:\/\/panamfishing.fr\/wp-content\/uploads\/2022\/11\/guide-de-peche-Paris-768x1152.jpg 768w, https:\/\/panamfishing.fr\/wp-content\/uploads\/2022\/11\/guide-de-peche-Paris-1024x1536.jpg 1024w, https:\/\/panamfishing.fr\/wp-content\/uploads\/2022\/11\/guide-de-peche-Paris-1365x2048.jpg 1365w, https:\/\/panamfishing.fr\/wp-content\/uploads\/2022\/11\/guide-de-peche-Paris-scaled.jpg 1707w\" sizes=\"(max-width: 683px) 100vw, 683px\" \/><\/figure>\n\n\n\n<figure class=\"wp-block-image size-large\"><img loading=\"lazy\" decoding=\"async\" width=\"1024\" height=\"768\" data-id=\"1229\" src=\"http:\/\/panamfishing.fr\/wp-content\/uploads\/2022\/11\/guide-de-peche-Paris-cours-de-peche-1024x768.jpg\" alt=\"cours de p\u00eache Paris\nguide de p\u00eache Paris\n\u00e9cole de p\u00eache Paris\nstage p\u00eache Paris\" class=\"wp-image-1229\" srcset=\"https:\/\/panamfishing.fr\/wp-content\/uploads\/2022\/11\/guide-de-peche-Paris-cours-de-peche-1024x768.jpg 1024w, https:\/\/panamfishing.fr\/wp-content\/uploads\/2022\/11\/guide-de-peche-Paris-cours-de-peche-300x225.jpg 300w, https:\/\/panamfishing.fr\/wp-content\/uploads\/2022\/11\/guide-de-peche-Paris-cours-de-peche-768x576.jpg 768w, https:\/\/panamfishing.fr\/wp-content\/uploads\/2022\/11\/guide-de-peche-Paris-cours-de-peche-1536x1152.jpg 1536w, https:\/\/panamfishing.fr\/wp-content\/uploads\/2022\/11\/guide-de-peche-Paris-cours-de-peche.jpg 1600w\" sizes=\"(max-width: 706px) 89vw, (max-width: 767px) 82vw, 740px\" \/><\/figure>\n<\/figure>\n","protected":false},"excerpt":{"rendered":"","protected":false},"author":1,"featured_media":0,"parent":0,"menu_order":0,"comment_status":"closed","ping_status":"closed","template":"","meta":{"footnotes":""},"aioseo_notices":[],"_links":{"self":[{"href":"https:\/\/panamfishing.fr\/index.php\/wp-json\/wp\/v2\/pages\/365"}],"collection":[{"href":"https:\/\/panamfishing.fr\/index.php\/wp-json\/wp\/v2\/pages"}],"about":[{"href":"https:\/\/panamfishing.fr\/index.php\/wp-json\/wp\/v2\/types\/page"}],"author":[{"embeddable":true,"href":"https:\/\/panamfishing.fr\/index.php\/wp-json\/wp\/v2\/users\/1"}],"replies":[{"embeddable":true,"href":"https:\/\/panamfishing.fr\/index.php\/wp-json\/wp\/v2\/comments?post=365"}],"version-history":[{"count":20,"href":"https:\/\/panamfishing.fr\/index.php\/wp-json\/wp\/v2\/pages\/365\/revisions"}],"predecessor-version":[{"id":1286,"href":"https:\/\/panamfishing.fr\/index.php\/wp-json\/wp\/v2\/pages\/365\/revisions\/1286"}],"wp:attachment":[{"href":"https:\/\/panamfishing.fr\/index.php\/wp-json\/wp\/v2\/media?parent=365"}],"curies":[{"name":"wp","href":"https:\/\/api.w.org\/{rel}","templated":true}]}}