{"id":584,"date":"2020-06-02T00:29:12","date_gmt":"2020-06-01T22:29:12","guid":{"rendered":"http:\/\/panamfishing.fr\/?page_id=584"},"modified":"2022-11-22T19:08:43","modified_gmt":"2022-11-22T18:08:43","slug":"les-cours","status":"publish","type":"page","link":"https:\/\/panamfishing.fr\/index.php\/les-cours\/","title":{"rendered":"Les Cours de P\u00eache"},"content":{"rendered":"\n<figure class=\"wp-block-image aligncenter size-medium is-resized\"><img loading=\"lazy\" decoding=\"async\" src=\"http:\/\/panamfishing.fr\/wp-content\/uploads\/2020\/06\/Cours-de-p\u00eache-Paris-guide-de-p\u00eache-300x225.jpg\" alt=\"cours de p\u00eache Paris\nguide de p\u00eache Paris\n\u00e9cole de p\u00eache Paris\nstage de p\u00eache Paris\" class=\"wp-image-721\" width=\"389\" height=\"292\" srcset=\"https:\/\/panamfishing.fr\/wp-content\/uploads\/2020\/06\/Cours-de-p\u00eache-Paris-guide-de-p\u00eache-300x225.jpg 300w, https:\/\/panamfishing.fr\/wp-content\/uploads\/2020\/06\/Cours-de-p\u00eache-Paris-guide-de-p\u00eache-1024x768.jpg 1024w, https:\/\/panamfishing.fr\/wp-content\/uploads\/2020\/06\/Cours-de-p\u00eache-Paris-guide-de-p\u00eache-768x576.jpg 768w, https:\/\/panamfishing.fr\/wp-content\/uploads\/2020\/06\/Cours-de-p\u00eache-Paris-guide-de-p\u00eache-1536x1152.jpg 1536w, https:\/\/panamfishing.fr\/wp-content\/uploads\/2020\/06\/Cours-de-p\u00eache-Paris-guide-de-p\u00eache.jpg 1600w\" sizes=\"(max-width: 389px) 100vw, 389px\" \/><figcaption class=\"wp-element-caption\">                                                   Brochet Parisien.<\/figcaption><\/figure>\n\n\n\n<p><a rel=\"noreferrer noopener\" href=\"http:\/\/panamfishing.fr\/index.php\/cours-carnassier\/\" target=\"_blank\"><span style=\"color:#132784\" class=\"has-inline-color\"><strong>Carnassiers<\/strong><\/span><\/a>, <a rel=\"noreferrer noopener\" href=\"http:\/\/panamfishing.fr\/index.php\/cours-carpe\/\" target=\"_blank\"><span style=\"color:#132784\" class=\"has-inline-color\"><strong>Carpes<\/strong><\/span><\/a>, <strong><a rel=\"noreferrer noopener\" href=\"http:\/\/panamfishing.fr\/index.php\/cours-silure\/\" target=\"_blank\"><span style=\"color:#132784\" class=\"has-inline-color\">Silures<\/span><\/a><\/strong>,<strong><a rel=\"noreferrer noopener\" href=\"http:\/\/panamfishing.fr\/index.php\/cours-silure\/\" target=\"_blank\"><span style=\"color:#021ba7\" class=\"has-inline-color\"><\/span><\/a><\/strong> <a rel=\"noreferrer noopener\" href=\"http:\/\/panamfishing.fr\/index.php\/le-guidage-multi-peche-coup-feeder-carnassiers-carpes\/\" target=\"_blank\"><span style=\"color:#132784\" class=\"has-inline-color\"><strong>Multi-<\/strong><\/span><\/a><strong><a rel=\"noreferrer noopener\" href=\"http:\/\/panamfishing.fr\/index.php\/cours-multi-peche-coup-feeder-carnassiers-carpes\/\" target=\"_blank\"><span style=\"color:#132784\" class=\"has-inline-color\">p\u00eache<\/span><\/a><\/strong> ou encore<a href=\"http:\/\/panamfishing.fr\/index.php\/cours-float-tube\/\" data-type=\"page\" data-id=\"1165\" target=\"_blank\" rel=\"noreferrer noopener\"> <strong><span style=\"color:#132784\" class=\"has-inline-color\">Float-Tube<\/span><\/strong><\/a>, lors de votre s\u00e9ance personnalis\u00e9e et adapt\u00e9e \u00e0 votre niveau, votre guide vous enseignera toutes les techniques et strat\u00e9gies afin de r\u00e9ussir vos parties de p\u00eache et vous rendre autonome.<\/p>\n\n\n\n<p>Toujours dans le respect du milieu aquatique et de ses habitants !<\/p>\n\n\n\n<p>Tout le mat\u00e9riel vous sera fourni (hors carte de p\u00eache).<\/p>\n\n\n\n<div class=\"wp-block-group\"><div class=\"wp-block-group__inner-container is-layout-flow wp-block-group-is-layout-flow\">\n<hr>\n<p><span style=\"color: #000080;\"><strong><span style=\"color: #000080;\">Renseignements<\/span> et r\u00e9servations :<\/strong><\/span><\/p>\n<p>Stanislas Walotek (guide de p\u00eache) au <span style=\"color: #000080;\"><strong><a style=\"color: #000080;\" href=\"tel:+33677011950\">0677011950<\/a><\/strong> <\/span>ou <span style=\"color: #000080;\"><strong><a style=\"color: #000080;\" href=\"mailto:panam.fishing@outlook.fr\">panam.fishing@outlook.fr<\/a><\/strong><\/span><\/p>\n<hr>\n\n\n\n<p><\/p>\n<\/div><\/div>\n","protected":false},"excerpt":{"rendered":"<p>Carnassiers, Carpes, Silures, Multi-p\u00eache ou encore Float-Tube, lors de votre s\u00e9ance personnalis\u00e9e et adapt\u00e9e \u00e0 votre niveau, votre guide vous enseignera toutes les techniques et strat\u00e9gies afin de r\u00e9ussir vos parties de p\u00eache et vous rendre autonome. Toujours dans le respect du milieu aquatique et de ses habitants ! Tout le mat\u00e9riel vous sera fourni &hellip; <\/p>\n<p class=\"link-more\"><a href=\"https:\/\/panamfishing.fr\/index.php\/les-cours\/\" class=\"more-link\">Continuer la lecture<span class=\"screen-reader-text\"> de &laquo;&nbsp;Les Cours de P\u00eache&nbsp;&raquo;<\/span><\/a><\/p>\n","protected":false},"author":1,"featured_media":0,"parent":0,"menu_order":0,"comment_status":"closed","ping_status":"closed","template":"","meta":{"footnotes":""},"aioseo_notices":[],"_links":{"self":[{"href":"https:\/\/panamfishing.fr\/index.php\/wp-json\/wp\/v2\/pages\/584"}],"collection":[{"href":"https:\/\/panamfishing.fr\/index.php\/wp-json\/wp\/v2\/pages"}],"about":[{"href":"https:\/\/panamfishing.fr\/index.php\/wp-json\/wp\/v2\/types\/page"}],"author":[{"embeddable":true,"href":"https:\/\/panamfishing.fr\/index.php\/wp-json\/wp\/v2\/users\/1"}],"replies":[{"embeddable":true,"href":"https:\/\/panamfishing.fr\/index.php\/wp-json\/wp\/v2\/comments?post=584"}],"version-history":[{"count":19,"href":"https:\/\/panamfishing.fr\/index.php\/wp-json\/wp\/v2\/pages\/584\/revisions"}],"predecessor-version":[{"id":1287,"href":"https:\/\/panamfishing.fr\/index.php\/wp-json\/wp\/v2\/pages\/584\/revisions\/1287"}],"wp:attachment":[{"href":"https:\/\/panamfishing.fr\/index.php\/wp-json\/wp\/v2\/media?parent=584"}],"curies":[{"name":"wp","href":"https:\/\/api.w.org\/{rel}","templated":true}]}}