{"id":648,"date":"2020-06-05T17:29:28","date_gmt":"2020-06-05T15:29:28","guid":{"rendered":"http:\/\/panamfishing.fr\/?page_id=648"},"modified":"2023-06-26T08:54:52","modified_gmt":"2023-06-26T06:54:52","slug":"cours-enfants","status":"publish","type":"page","link":"https:\/\/panamfishing.fr\/index.php\/cours-enfants\/","title":{"rendered":"Les Cours pour Enfants"},"content":{"rendered":"\n<figure class=\"wp-block-image aligncenter size-large\"><img loading=\"lazy\" decoding=\"async\" width=\"1024\" height=\"766\" src=\"http:\/\/panamfishing.fr\/wp-content\/uploads\/2021\/05\/ecole-de-peche-Paris-pike-fishing-1024x766.jpg\" alt=\"\u00e9cole de p\u00eache Paris\ncours de p\u00eache Paris\nguide de p\u00eache Paris\n\u00e9cole de p\u00eache Paris\nstage de p\u00eache Paris\" class=\"wp-image-909\" srcset=\"https:\/\/panamfishing.fr\/wp-content\/uploads\/2021\/05\/ecole-de-peche-Paris-pike-fishing-1024x766.jpg 1024w, https:\/\/panamfishing.fr\/wp-content\/uploads\/2021\/05\/ecole-de-peche-Paris-pike-fishing-300x224.jpg 300w, https:\/\/panamfishing.fr\/wp-content\/uploads\/2021\/05\/ecole-de-peche-Paris-pike-fishing-768x574.jpg 768w, https:\/\/panamfishing.fr\/wp-content\/uploads\/2021\/05\/ecole-de-peche-Paris-pike-fishing.jpg 1280w\" sizes=\"(max-width: 706px) 89vw, (max-width: 767px) 82vw, 740px\" \/><figcaption class=\"wp-element-caption\">                                   L&rsquo;\u00e9cole de p\u00eache parisienne.<\/figcaption><\/figure>\n\n\n<p>Panam Fishing accueille vos jeunes, \u00e0 partir de 9 ans pour des cours de p\u00eache durant l&rsquo;ann\u00e9e scolaire avec les \u00e9coles du samedi, des cours particuliers quand vous le souhaitez, et pendant les vacances scolaires avec la <a title=\"Colonie p\u00eache VIP en Sologne\" href=\"http:\/\/panamfishing.fr\/index.php\/colo-peche-vip-sologne\/\"><span style=\"color: #003366;\"><strong>colo VIP en Sologne<\/strong><\/span><\/a>. Vos p\u00eacheurs en herbe deviendront de vrais experts !<\/p>\n<p>D\u00e9couvrez \u00e9galement une fa\u00e7on originale de <a href=\"http:\/\/panamfishing.fr\/index.php\/les-anniversaires-a-la-peche\/\"><strong><span style=\"color: #000080;\">f\u00eater leurs <\/span><span style=\"color: #000080;\">anniversaires <\/span><\/strong><\/a>autour d&rsquo;une partie de p\u00eache. C&rsquo;est une certitude, ils s&rsquo;en souviendront !<\/p>\n<p>Des \u00e9tangs du Bois de Boulogne au Canal Saint-Martin en passant par Levallois, Saint- Maur-des-Foss\u00e9s ou la Sologne, qu&rsquo;ils soient novices ou d\u00e9j\u00e0 p\u00eacheurs, ils d\u00e9couvriront les diff\u00e9rentes techniques de p\u00eache et la biodiversit\u00e9 aquatique dans le plus grand respect de l&rsquo;environnement.<\/p>\n<p>Votre Moniteur Guide de P\u00eache Dipl\u00f4m\u00e9 d&rsquo;Etat fournira tout le mat\u00e9riel \u00e0 vos jeunes p\u00eacheurs (hors carte de p\u00eache).<\/p>\n<p><em>Tous les poissons captur\u00e9s seront rel\u00e2ch\u00e9s dans les meilleures conditions afin de respecter nos partenaires de jeux et la biodiversit\u00e9 aquatique.<\/em><\/p>\n<hr \/>\n<p><span style=\"color: #000080;\"><strong>Renseignements et r\u00e9servations :<\/strong><\/span><\/p>\n<p>Stanislas Walotek (guide de p\u00eache) au <span style=\"color: #000080;\"><strong><a style=\"color: #000080;\" href=\"tel:+33677011950\">0677011950<\/a><\/strong> <\/span>ou <span style=\"color: #000080;\"><strong><a style=\"color: #000080;\" href=\"mailto:panam.fishing@outlook.fr\">panam.fishing@outlook.fr<\/a><\/strong><\/span><\/p>\n<hr \/>","protected":false},"excerpt":{"rendered":"<p>Panam Fishing accueille vos jeunes, \u00e0 partir de 9 ans pour des cours de p\u00eache durant l&rsquo;ann\u00e9e scolaire avec les \u00e9coles du samedi, des cours particuliers quand vous le souhaitez, et pendant les vacances scolaires avec la colo VIP en Sologne. Vos p\u00eacheurs en herbe deviendront de vrais experts ! D\u00e9couvrez \u00e9galement une fa\u00e7on originale &hellip; <\/p>\n<p class=\"link-more\"><a href=\"https:\/\/panamfishing.fr\/index.php\/cours-enfants\/\" class=\"more-link\">Continuer la lecture<span class=\"screen-reader-text\"> de &laquo;&nbsp;Les Cours pour Enfants&nbsp;&raquo;<\/span><\/a><\/p>\n","protected":false},"author":1,"featured_media":0,"parent":0,"menu_order":0,"comment_status":"closed","ping_status":"closed","template":"","meta":{"footnotes":""},"aioseo_notices":[],"_links":{"self":[{"href":"https:\/\/panamfishing.fr\/index.php\/wp-json\/wp\/v2\/pages\/648"}],"collection":[{"href":"https:\/\/panamfishing.fr\/index.php\/wp-json\/wp\/v2\/pages"}],"about":[{"href":"https:\/\/panamfishing.fr\/index.php\/wp-json\/wp\/v2\/types\/page"}],"author":[{"embeddable":true,"href":"https:\/\/panamfishing.fr\/index.php\/wp-json\/wp\/v2\/users\/1"}],"replies":[{"embeddable":true,"href":"https:\/\/panamfishing.fr\/index.php\/wp-json\/wp\/v2\/comments?post=648"}],"version-history":[{"count":23,"href":"https:\/\/panamfishing.fr\/index.php\/wp-json\/wp\/v2\/pages\/648\/revisions"}],"predecessor-version":[{"id":1374,"href":"https:\/\/panamfishing.fr\/index.php\/wp-json\/wp\/v2\/pages\/648\/revisions\/1374"}],"wp:attachment":[{"href":"https:\/\/panamfishing.fr\/index.php\/wp-json\/wp\/v2\/media?parent=648"}],"curies":[{"name":"wp","href":"https:\/\/api.w.org\/{rel}","templated":true}]}}