{"id":73,"date":"2018-12-11T15:56:00","date_gmt":"2018-12-11T14:56:00","guid":{"rendered":"http:\/\/panamfishing.fr\/?page_id=73"},"modified":"2022-11-22T19:02:42","modified_gmt":"2022-11-22T18:02:42","slug":"votre-moniteur-guide-de-peche","status":"publish","type":"page","link":"https:\/\/panamfishing.fr\/index.php\/votre-moniteur-guide-de-peche\/","title":{"rendered":"Votre Moniteur"},"content":{"rendered":"\n<figure class=\"wp-block-image size-large\"><img loading=\"lazy\" decoding=\"async\" width=\"1024\" height=\"766\" src=\"http:\/\/panamfishing.fr\/wp-content\/uploads\/2021\/05\/perche-peche-Paris-cours-de-peche-1024x766.jpg\" alt=\"cours de p\u00eache Paris\nguide de p\u00eache Paris\n\u00e9cole de p\u00eache Paris\nstage de p\u00eache Paris\" class=\"wp-image-938\" srcset=\"https:\/\/panamfishing.fr\/wp-content\/uploads\/2021\/05\/perche-peche-Paris-cours-de-peche-1024x766.jpg 1024w, https:\/\/panamfishing.fr\/wp-content\/uploads\/2021\/05\/perche-peche-Paris-cours-de-peche-300x224.jpg 300w, https:\/\/panamfishing.fr\/wp-content\/uploads\/2021\/05\/perche-peche-Paris-cours-de-peche-768x574.jpg 768w, https:\/\/panamfishing.fr\/wp-content\/uploads\/2021\/05\/perche-peche-Paris-cours-de-peche.jpg 1280w\" sizes=\"(max-width: 706px) 89vw, (max-width: 767px) 82vw, 740px\" \/><\/figure>\n\n\n<p class=\"p1\">C&rsquo;est \u00e0 6 ans que j&rsquo;ai d\u00e9couvert les joies de la p\u00eache et, depuis, je n&rsquo;ai cess\u00e9 d&rsquo;explorer et d\u00e9velopper un maximum de techniques de p\u00eaches dans diverses r\u00e9gions de France mais \u00e9galement \u00e0 l&rsquo;\u00e9tranger.<\/p>\n<p class=\"p1\">Apr\u00e8s 5 ans pass\u00e9es en tant que Militaire au sein de l&rsquo;Arm\u00e9e de Terre, j&rsquo;ai d\u00e9cid\u00e9 de faire de ma passion mon m\u00e9tier pour la transmettre au plus grand nombre. J&rsquo;ai donc pass\u00e9 et obtenu mon Brevet Professionnel de la Jeunesse, de l&rsquo;\u00c9ducation Populaire et des Sports afin d&rsquo;enseigner au mieux l&rsquo;art de la p\u00eache et du street fishing en particulier.<\/p>\n<p class=\"p1\">D\u00e9sormais, c&rsquo;est avec plaisir que je fais d\u00e9couvrir la p\u00eache \u00e0 tous ceux, jeunes ou adultes, qui souhaitent conna\u00eetre cette activit\u00e9 de plein air, au sein m\u00eame de notre capitale, au fil de la Seine&#8230;<\/p>\n<p class=\"p1\">Au milieu des monuments parisiens, mais proche de la nature, vous attendent des tr\u00e9sors insoup\u00e7onn\u00e9s d&rsquo;\u00e9motions li\u00e9s \u00e0 la p\u00eache : d\u00e9couvrez Paris et ses alentours comme vous ne les avez jamais vus!<\/p>\n\n\n<hr class=\"wp-block-separator is-style-wide\"\/>\n\n\n\n<p><strong><span style=\"color:#021ba7\" class=\"has-inline-color\">Renseignements et r\u00e9servations :<\/span><\/strong><\/p>\n\n\n\n<p>Stanislas Walotek (guide de p\u00eache) au <strong><a href=\"tel:+33677011950\"><span style=\"color:#021ba7\" class=\"has-inline-color\">0677011950<\/span><\/a><\/strong> ou <strong><a href=\"mailto:panam.fishing@outlook.fr\"><span style=\"color:#021ba7\" class=\"has-inline-color\">panam.fishing@outlook.fr<\/span><\/a><\/strong><\/p>\n\n\n\n<hr class=\"wp-block-separator is-style-wide\"\/>\n","protected":false},"excerpt":{"rendered":"<p>C&rsquo;est \u00e0 6 ans que j&rsquo;ai d\u00e9couvert les joies de la p\u00eache et, depuis, je n&rsquo;ai cess\u00e9 d&rsquo;explorer et d\u00e9velopper un maximum de techniques de p\u00eaches dans diverses r\u00e9gions de France mais \u00e9galement \u00e0 l&rsquo;\u00e9tranger. Apr\u00e8s 5 ans pass\u00e9es en tant que Militaire au sein de l&rsquo;Arm\u00e9e de Terre, j&rsquo;ai d\u00e9cid\u00e9 de faire de ma &hellip; <\/p>\n<p class=\"link-more\"><a href=\"https:\/\/panamfishing.fr\/index.php\/votre-moniteur-guide-de-peche\/\" class=\"more-link\">Continuer la lecture<span class=\"screen-reader-text\"> de &laquo;&nbsp;Votre Moniteur&nbsp;&raquo;<\/span><\/a><\/p>\n","protected":false},"author":1,"featured_media":0,"parent":0,"menu_order":0,"comment_status":"closed","ping_status":"closed","template":"","meta":{"footnotes":""},"aioseo_notices":[],"_links":{"self":[{"href":"https:\/\/panamfishing.fr\/index.php\/wp-json\/wp\/v2\/pages\/73"}],"collection":[{"href":"https:\/\/panamfishing.fr\/index.php\/wp-json\/wp\/v2\/pages"}],"about":[{"href":"https:\/\/panamfishing.fr\/index.php\/wp-json\/wp\/v2\/types\/page"}],"author":[{"embeddable":true,"href":"https:\/\/panamfishing.fr\/index.php\/wp-json\/wp\/v2\/users\/1"}],"replies":[{"embeddable":true,"href":"https:\/\/panamfishing.fr\/index.php\/wp-json\/wp\/v2\/comments?post=73"}],"version-history":[{"count":17,"href":"https:\/\/panamfishing.fr\/index.php\/wp-json\/wp\/v2\/pages\/73\/revisions"}],"predecessor-version":[{"id":1283,"href":"https:\/\/panamfishing.fr\/index.php\/wp-json\/wp\/v2\/pages\/73\/revisions\/1283"}],"wp:attachment":[{"href":"https:\/\/panamfishing.fr\/index.php\/wp-json\/wp\/v2\/media?parent=73"}],"curies":[{"name":"wp","href":"https:\/\/api.w.org\/{rel}","templated":true}]}}