{"id":773,"date":"2020-11-24T16:30:00","date_gmt":"2020-11-24T15:30:00","guid":{"rendered":"http:\/\/panamfishing.fr\/?page_id=773"},"modified":"2022-11-22T19:10:17","modified_gmt":"2022-11-22T18:10:17","slug":"bons-cadeaux","status":"publish","type":"page","link":"https:\/\/panamfishing.fr\/index.php\/bons-cadeaux\/","title":{"rendered":"Les Bons Cadeaux"},"content":{"rendered":"\n<figure class=\"wp-block-image aligncenter size-large\"><a href=\"http:\/\/panamfishing.fr\/index.php\/bon-cadeau-peche-des-carnassiers\/\"><img loading=\"lazy\" decoding=\"async\" width=\"1024\" height=\"751\" src=\"http:\/\/panamfishing.fr\/wp-content\/uploads\/2020\/11\/bon-cadeau-peche-des-carnassiers-1024x751.png\" alt=\"cours de p\u00eache Paris\nguide de p\u00eache Paris\n\u00e9cole de p\u00eache Paris\nstage de p\u00eache Paris\" class=\"wp-image-805\" srcset=\"https:\/\/panamfishing.fr\/wp-content\/uploads\/2020\/11\/bon-cadeau-peche-des-carnassiers-1024x751.png 1024w, https:\/\/panamfishing.fr\/wp-content\/uploads\/2020\/11\/bon-cadeau-peche-des-carnassiers-300x220.png 300w, https:\/\/panamfishing.fr\/wp-content\/uploads\/2020\/11\/bon-cadeau-peche-des-carnassiers-768x563.png 768w, https:\/\/panamfishing.fr\/wp-content\/uploads\/2020\/11\/bon-cadeau-peche-des-carnassiers-1536x1126.png 1536w, https:\/\/panamfishing.fr\/wp-content\/uploads\/2020\/11\/bon-cadeau-peche-des-carnassiers.png 1697w\" sizes=\"(max-width: 706px) 89vw, (max-width: 767px) 82vw, 740px\" \/><\/a><\/figure>\n\n\n<p>Pour un <span style=\"color: #000080;\"><strong>anniversaire,<\/strong> <strong>No\u00ebl<\/strong><\/span>, ou juste pour <span style=\"color: #000080;\"><strong>faire plaisir<\/strong><\/span>, les bons cadeaux p\u00eache sont la solution <strong><span style=\"color: #000080;\">cadeau<\/span> <\/strong>id\u00e9ale pour les <span style=\"color: #000080;\"><strong>amateurs de p\u00eache<\/strong><\/span>.<\/p>\n<p>P\u00eache des <a href=\"http:\/\/panamfishing.fr\/index.php\/bon-cadeau-peche-des-carnassiers\/\"><strong><span style=\"color: #000080;\">carnassiers<\/span><\/strong><\/a>, initiation <a href=\"http:\/\/panamfishing.fr\/index.php\/bon-cadeau-initiation-float-tube-2\/\"><span style=\"color: #000080;\"><strong>float-tube<\/strong><\/span><\/a>, <a href=\"http:\/\/panamfishing.fr\/index.php\/bon-cadeau-peche-du-silure\/\"><strong><span style=\"color: #000080;\">silures<\/span> <\/strong><\/a>ou <a href=\"http:\/\/panamfishing.fr\/index.php\/bon-cadeau-peche-de-la-carpe\/\"><span style=\"color: #000080;\"><strong>carpes<\/strong><\/span><\/a>, en <strong><span style=\"color: #000080;\">journ\u00e9e<\/span> <\/strong>ou <strong><span style=\"color: #000080;\">demie-journ\u00e9e<\/span><\/strong>, il y en a pour tous les go\u00fbts.<\/p>\n<p>Choisissez la formule qui ravira vos proches sans stress : le bon est <strong><span style=\"color: #000080;\">valable un an<\/span><\/strong> !<\/p>\n\n\n<figure class=\"wp-block-gallery aligncenter has-nested-images columns-default wp-block-gallery-1 is-layout-flex wp-block-gallery-is-layout-flex\">\n<figure class=\"wp-block-image size-large\"><img loading=\"lazy\" decoding=\"async\" width=\"1024\" height=\"574\" data-id=\"819\" src=\"http:\/\/panamfishing.fr\/wp-content\/uploads\/2020\/11\/bon-cadeau-initiation-float-tube-2-1024x574.png\" alt=\"cours de p\u00eache Paris\nguide de p\u00eache Paris\n\u00e9cole de p\u00eache Paris\nstage de p\u00eache Paris\" class=\"wp-image-819\" srcset=\"https:\/\/panamfishing.fr\/wp-content\/uploads\/2020\/11\/bon-cadeau-initiation-float-tube-2-1024x574.png 1024w, https:\/\/panamfishing.fr\/wp-content\/uploads\/2020\/11\/bon-cadeau-initiation-float-tube-2-300x168.png 300w, https:\/\/panamfishing.fr\/wp-content\/uploads\/2020\/11\/bon-cadeau-initiation-float-tube-2-768x430.png 768w, https:\/\/panamfishing.fr\/wp-content\/uploads\/2020\/11\/bon-cadeau-initiation-float-tube-2-1536x861.png 1536w, https:\/\/panamfishing.fr\/wp-content\/uploads\/2020\/11\/bon-cadeau-initiation-float-tube-2.png 2034w\" sizes=\"(max-width: 706px) 89vw, (max-width: 767px) 82vw, 740px\" \/><\/figure>\n\n\n\n<figure class=\"wp-block-image size-large\"><img loading=\"lazy\" decoding=\"async\" width=\"1024\" height=\"586\" data-id=\"818\" src=\"http:\/\/panamfishing.fr\/wp-content\/uploads\/2020\/11\/bon-cadeau-stage-peche-silure-2-1024x586.png\" alt=\"cours de p\u00eache Paris\nguide de p\u00eache Paris\n\u00e9cole de p\u00eache Paris\nstage de p\u00eache Paris\" class=\"wp-image-818\" srcset=\"https:\/\/panamfishing.fr\/wp-content\/uploads\/2020\/11\/bon-cadeau-stage-peche-silure-2-1024x586.png 1024w, https:\/\/panamfishing.fr\/wp-content\/uploads\/2020\/11\/bon-cadeau-stage-peche-silure-2-300x172.png 300w, https:\/\/panamfishing.fr\/wp-content\/uploads\/2020\/11\/bon-cadeau-stage-peche-silure-2-768x439.png 768w, https:\/\/panamfishing.fr\/wp-content\/uploads\/2020\/11\/bon-cadeau-stage-peche-silure-2-1536x879.png 1536w, https:\/\/panamfishing.fr\/wp-content\/uploads\/2020\/11\/bon-cadeau-stage-peche-silure-2.png 1998w\" sizes=\"(max-width: 706px) 89vw, (max-width: 767px) 82vw, 740px\" \/><\/figure>\n\n\n\n<figure class=\"wp-block-image size-large\"><img loading=\"lazy\" decoding=\"async\" width=\"1024\" height=\"635\" data-id=\"817\" src=\"http:\/\/panamfishing.fr\/wp-content\/uploads\/2020\/11\/bon-cadeau-stage-carpe-3-1024x635.png\" alt=\"cours de p\u00eache Paris\nguide de p\u00eache Paris\n\u00e9cole de p\u00eache Paris\nstage de p\u00eache Paris\" class=\"wp-image-817\" srcset=\"https:\/\/panamfishing.fr\/wp-content\/uploads\/2020\/11\/bon-cadeau-stage-carpe-3-1024x635.png 1024w, https:\/\/panamfishing.fr\/wp-content\/uploads\/2020\/11\/bon-cadeau-stage-carpe-3-300x186.png 300w, https:\/\/panamfishing.fr\/wp-content\/uploads\/2020\/11\/bon-cadeau-stage-carpe-3-768x476.png 768w, https:\/\/panamfishing.fr\/wp-content\/uploads\/2020\/11\/bon-cadeau-stage-carpe-3-1536x952.png 1536w, https:\/\/panamfishing.fr\/wp-content\/uploads\/2020\/11\/bon-cadeau-stage-carpe-3.png 1818w\" sizes=\"(max-width: 706px) 89vw, (max-width: 767px) 82vw, 740px\" \/><\/figure>\n<\/figure>\n\n\n\n<hr class=\"wp-block-separator has-css-opacity is-style-wide\"\/>\n\n\n\n<p><strong><span style=\"color:#021ba7\" class=\"has-inline-color\">Renseignements et r\u00e9servations :<\/span><\/strong><\/p>\n\n\n\n<p>Stanislas Walotek (guide de p\u00eache) au <strong><a href=\"tel:+33677011950\"><span style=\"color:#021ba7\" class=\"has-inline-color\">0677011950<\/span><\/a><\/strong> ou <strong><a href=\"mailto:panam.fishing@outlook.fr\"><span style=\"color:#021ba7\" class=\"has-inline-color\">panam.fishing@outlook.fr<\/span><\/a><\/strong><\/p>\n\n\n\n<hr class=\"wp-block-separator has-css-opacity is-style-wide\"\/>\n\n\n\n<p><\/p>\n","protected":false},"excerpt":{"rendered":"<p>Pour un anniversaire, No\u00ebl, ou juste pour faire plaisir, les bons cadeaux p\u00eache sont la solution cadeau id\u00e9ale pour les amateurs de p\u00eache. P\u00eache des carnassiers, initiation float-tube, silures ou carpes, en journ\u00e9e ou demie-journ\u00e9e, il y en a pour tous les go\u00fbts. Choisissez la formule qui ravira vos proches sans stress : le bon &hellip; <\/p>\n<p class=\"link-more\"><a href=\"https:\/\/panamfishing.fr\/index.php\/bons-cadeaux\/\" class=\"more-link\">Continuer la lecture<span class=\"screen-reader-text\"> de &laquo;&nbsp;Les Bons Cadeaux&nbsp;&raquo;<\/span><\/a><\/p>\n","protected":false},"author":1,"featured_media":0,"parent":0,"menu_order":0,"comment_status":"closed","ping_status":"closed","template":"","meta":{"footnotes":""},"aioseo_notices":[],"_links":{"self":[{"href":"https:\/\/panamfishing.fr\/index.php\/wp-json\/wp\/v2\/pages\/773"}],"collection":[{"href":"https:\/\/panamfishing.fr\/index.php\/wp-json\/wp\/v2\/pages"}],"about":[{"href":"https:\/\/panamfishing.fr\/index.php\/wp-json\/wp\/v2\/types\/page"}],"author":[{"embeddable":true,"href":"https:\/\/panamfishing.fr\/index.php\/wp-json\/wp\/v2\/users\/1"}],"replies":[{"embeddable":true,"href":"https:\/\/panamfishing.fr\/index.php\/wp-json\/wp\/v2\/comments?post=773"}],"version-history":[{"count":29,"href":"https:\/\/panamfishing.fr\/index.php\/wp-json\/wp\/v2\/pages\/773\/revisions"}],"predecessor-version":[{"id":1289,"href":"https:\/\/panamfishing.fr\/index.php\/wp-json\/wp\/v2\/pages\/773\/revisions\/1289"}],"wp:attachment":[{"href":"https:\/\/panamfishing.fr\/index.php\/wp-json\/wp\/v2\/media?parent=773"}],"curies":[{"name":"wp","href":"https:\/\/api.w.org\/{rel}","templated":true}]}}