{"id":786,"date":"2020-11-24T23:14:33","date_gmt":"2020-11-24T22:14:33","guid":{"rendered":"http:\/\/panamfishing.fr\/?page_id=786"},"modified":"2023-06-26T09:16:47","modified_gmt":"2023-06-26T07:16:47","slug":"bon-cadeau-peche-des-carnassiers","status":"publish","type":"page","link":"https:\/\/panamfishing.fr\/index.php\/bon-cadeau-peche-des-carnassiers\/","title":{"rendered":"Bon Cadeau P\u00eache des Carnassiers"},"content":{"rendered":"\n<figure class=\"wp-block-image size-large\"><img loading=\"lazy\" decoding=\"async\" width=\"1024\" height=\"751\" src=\"http:\/\/panamfishing.fr\/wp-content\/uploads\/2020\/11\/bon-cadeau-peche-des-carnassiers-1024x751.png\" alt=\"cours de p\u00eache Paris\nguide de p\u00eache Paris\n\u00e9cole de p\u00eache Paris\nstage de p\u00eache Paris\" class=\"wp-image-805\" srcset=\"https:\/\/panamfishing.fr\/wp-content\/uploads\/2020\/11\/bon-cadeau-peche-des-carnassiers-1024x751.png 1024w, https:\/\/panamfishing.fr\/wp-content\/uploads\/2020\/11\/bon-cadeau-peche-des-carnassiers-300x220.png 300w, https:\/\/panamfishing.fr\/wp-content\/uploads\/2020\/11\/bon-cadeau-peche-des-carnassiers-768x563.png 768w, https:\/\/panamfishing.fr\/wp-content\/uploads\/2020\/11\/bon-cadeau-peche-des-carnassiers-1536x1126.png 1536w, https:\/\/panamfishing.fr\/wp-content\/uploads\/2020\/11\/bon-cadeau-peche-des-carnassiers.png 1697w\" sizes=\"(max-width: 706px) 89vw, (max-width: 767px) 82vw, 740px\" \/><\/figure>\n\n\n<p>Aller taquiner la <span style=\"color: #000080;\"><strong>Perche<\/strong><\/span>, le <span style=\"color: #000080;\"><strong>Sandre<\/strong> <\/span>ou encore le <strong><span style=\"color: #000080;\">Brochet<\/span> <span style=\"color: #000080;\">en plein Paris<\/span><\/strong>, cela peut sembler insolite, mais c&rsquo;est possible.<\/p>\n<p>Pour les <span style=\"color: #000080;\"><strong>d\u00e9butants<\/strong> <\/span>ou p\u00eacheurs <span style=\"color: #000080;\"><strong>confirm\u00e9s<\/strong><\/span>, en <strong><span style=\"color: #000080;\">street-fishing<\/span><\/strong> en plein c\u0153ur de Paris, en <strong><span style=\"color: #000080;\">rivi\u00e8re<\/span> <\/strong>ou sur les <strong><span style=\"color: #000080;\">\u00e9tangs d&rsquo;Ile-de-France<\/span><\/strong>, votre cadeau permettra \u00e0 votre proche d&rsquo;aborder tous les th\u00e8mes techniques de cette p\u00eache particuli\u00e8re :<span style=\"color: #000080;\"> <strong>montages, postes, leurres,<\/strong> <\/span><strong><span style=\"color: #000080;\">comportement des esp\u00e8ces<\/span> <\/strong>et bien plus encore !<\/p>\n<p>Tout le mat\u00e9riel est fourni (hors carte de p\u00eache).<\/p>\n<p><em>Tous les poissons captur\u00e9s seront rel\u00e2ch\u00e9s dans les meilleures conditions afin de respecter nos partenaires de jeux et la biodiversit\u00e9 aquatique.<\/em><\/p>\n<hr \/>\n<div>\n<p><span style=\"color: #000080;\"><strong><span class=\"has-inline-color\"> Tarifs :<\/span><\/strong><\/span><\/p>\n<ul>\n<li><span style=\"color: #000080;\"><strong>105\u20ac<\/strong><\/span> la demie-journ\u00e9e (3h de p\u00eache)<\/li>\n<li><span style=\"color: #000080;\"><strong>200\u20ac<\/strong><\/span> la journ\u00e9e compl\u00e8te (6h de p\u00eache)<\/li>\n<\/ul>\n<p>Choisissez la formule qui ravira vos proches sans stress : le bon cadeau est <span style=\"color: #000080;\"><strong>valable un an<\/strong><\/span> !<\/p>\n<\/div>\n\n\n<hr class=\"wp-block-separator has-css-opacity is-style-wide\"\/>\n\n\n\n<p><strong><span style=\"color:#021ba7\" class=\"has-inline-color\">Renseignements et r\u00e9servations :<\/span><\/strong><\/p>\n\n\n\n<p>Stanislas Walotek (guide de p\u00eache) au <strong><a href=\"tel:+33677011950\"><span style=\"color:#021ba7\" class=\"has-inline-color\">0677011950<\/span><\/a><\/strong> ou <strong><a href=\"mailto:panam.fishing@outlook.fr\"><span style=\"color:#021ba7\" class=\"has-inline-color\">panam.fishing@outlook.fr<\/span><\/a><\/strong><\/p>\n\n\n\n<hr class=\"wp-block-separator has-css-opacity is-style-wide\"\/>\n\n\n\n<h2 class=\"wp-block-heading\"><strong><span style=\"color:#0329a5\" class=\"has-inline-color\"><\/span><\/strong><\/h2>\n\n\n\n<p><\/p>\n","protected":false},"excerpt":{"rendered":"<p>Aller taquiner la Perche, le Sandre ou encore le Brochet en plein Paris, cela peut sembler insolite, mais c&rsquo;est possible. Pour les d\u00e9butants ou p\u00eacheurs confirm\u00e9s, en street-fishing en plein c\u0153ur de Paris, en rivi\u00e8re ou sur les \u00e9tangs d&rsquo;Ile-de-France, votre cadeau permettra \u00e0 votre proche d&rsquo;aborder tous les th\u00e8mes techniques de cette p\u00eache particuli\u00e8re &hellip; <\/p>\n<p class=\"link-more\"><a href=\"https:\/\/panamfishing.fr\/index.php\/bon-cadeau-peche-des-carnassiers\/\" class=\"more-link\">Continuer la lecture<span class=\"screen-reader-text\"> de &laquo;&nbsp;Bon Cadeau P\u00eache des Carnassiers&nbsp;&raquo;<\/span><\/a><\/p>\n","protected":false},"author":1,"featured_media":0,"parent":0,"menu_order":0,"comment_status":"closed","ping_status":"closed","template":"","meta":{"footnotes":""},"aioseo_notices":[],"_links":{"self":[{"href":"https:\/\/panamfishing.fr\/index.php\/wp-json\/wp\/v2\/pages\/786"}],"collection":[{"href":"https:\/\/panamfishing.fr\/index.php\/wp-json\/wp\/v2\/pages"}],"about":[{"href":"https:\/\/panamfishing.fr\/index.php\/wp-json\/wp\/v2\/types\/page"}],"author":[{"embeddable":true,"href":"https:\/\/panamfishing.fr\/index.php\/wp-json\/wp\/v2\/users\/1"}],"replies":[{"embeddable":true,"href":"https:\/\/panamfishing.fr\/index.php\/wp-json\/wp\/v2\/comments?post=786"}],"version-history":[{"count":16,"href":"https:\/\/panamfishing.fr\/index.php\/wp-json\/wp\/v2\/pages\/786\/revisions"}],"predecessor-version":[{"id":1384,"href":"https:\/\/panamfishing.fr\/index.php\/wp-json\/wp\/v2\/pages\/786\/revisions\/1384"}],"wp:attachment":[{"href":"https:\/\/panamfishing.fr\/index.php\/wp-json\/wp\/v2\/media?parent=786"}],"curies":[{"name":"wp","href":"https:\/\/api.w.org\/{rel}","templated":true}]}}