{"id":795,"date":"2020-11-24T23:14:15","date_gmt":"2020-11-24T22:14:15","guid":{"rendered":"http:\/\/panamfishing.fr\/?page_id=795"},"modified":"2023-06-26T09:16:02","modified_gmt":"2023-06-26T07:16:02","slug":"bon-cadeau-peche-de-la-carpe","status":"publish","type":"page","link":"https:\/\/panamfishing.fr\/index.php\/bon-cadeau-peche-de-la-carpe\/","title":{"rendered":"Bon Cadeau P\u00eache de la Carpe"},"content":{"rendered":"\n<figure class=\"wp-block-image size-large\"><img loading=\"lazy\" decoding=\"async\" width=\"1024\" height=\"635\" src=\"http:\/\/panamfishing.fr\/wp-content\/uploads\/2020\/11\/bon-cadeau-stage-carpe-3-1024x635.png\" alt=\"cours de p\u00eache Paris\nguide de p\u00eache Paris\n\u00e9cole de p\u00eache Paris\nstage de p\u00eache Paris\" class=\"wp-image-817\" srcset=\"https:\/\/panamfishing.fr\/wp-content\/uploads\/2020\/11\/bon-cadeau-stage-carpe-3-1024x635.png 1024w, https:\/\/panamfishing.fr\/wp-content\/uploads\/2020\/11\/bon-cadeau-stage-carpe-3-300x186.png 300w, https:\/\/panamfishing.fr\/wp-content\/uploads\/2020\/11\/bon-cadeau-stage-carpe-3-768x476.png 768w, https:\/\/panamfishing.fr\/wp-content\/uploads\/2020\/11\/bon-cadeau-stage-carpe-3-1536x952.png 1536w, https:\/\/panamfishing.fr\/wp-content\/uploads\/2020\/11\/bon-cadeau-stage-carpe-3.png 1818w\" sizes=\"(max-width: 706px) 89vw, (max-width: 767px) 82vw, 740px\" \/><\/figure>\n\n\n<p>Un cadeau qui ravira les <span style=\"color: #000080;\"><strong>amoureux de la nature et de la p\u00eache de la carpe<\/strong><\/span> sur les grandes \u00e9tendues d&rsquo;eau.<\/p>\n<p>Approche des <span style=\"color: #000080;\"><strong>postes<\/strong><\/span>, <strong><span style=\"color: #000080;\">strat\u00e9gie d\u2019amor\u00e7age<\/span><\/strong>, de<span style=\"color: #000080;\"><strong> montages<\/strong> <\/span>et de <strong><span style=\"color: #000080;\">saisonnalit\u00e9<\/span>, <\/strong>la p\u00eache de la carpe en batterie n&rsquo;aura plus de secret pour le chanceux b\u00e9n\u00e9ficiaire de cette s\u00e9ance.<\/p>\n<p>En <strong><span style=\"color: #000080;\">r\u00e9gion parisienne<\/span><\/strong> ou sur un <span style=\"color: #000080;\"><strong>\u00e9tang priv\u00e9 en terre Normande<\/strong><\/span>, choisissez la formule qui conviendra la mieux \u00e0 votre proche.<\/p>\n<p>Tout le mat\u00e9riel est fourni (hors carte de p\u00eache).<\/p>\n<p><em>Tous les poissons captur\u00e9s seront rel\u00e2ch\u00e9s dans les meilleures conditions afin de respecter nos partenaires de jeux et la biodiversit\u00e9 aquatique.<\/em><\/p>\n<hr \/>\n<p><span style=\"color: #000080;\"><strong><span class=\"has-inline-color\" data-rich-text-format-boundary=\"true\">Tarifs :<\/span><\/strong><\/span><\/p>\n<ul>\n<li><span style=\"color: #000080;\"><strong>110\u20ac<\/strong><\/span> la demie-journ\u00e9e (3h de p\u00eache en IDF)<\/li>\n<li><span style=\"color: #000080;\"><strong>210\u20ac<\/strong><\/span> la journ\u00e9e compl\u00e8te (6h de p\u00eache en IDF)<\/li>\n<li><strong><span style=\"color: #000080;\">710\u20ac<\/span><\/strong> la journ\u00e9e de p\u00eache sur un \u00e9tang priv\u00e9 en Normandie (24h de p\u00eache avec bivouac et barbecue inclus)<\/li>\n<\/ul>\n<p>Choisissez la formule qui ravira vos proches sans stress : le bon cadeau est <span style=\"color: #000080;\"><strong>valable un an<\/strong><\/span> !<\/p>\n\n\n<hr class=\"wp-block-separator has-css-opacity is-style-wide\"\/>\n\n\n\n<p><strong><span style=\"color:#021ba7\" class=\"has-inline-color\">Renseignements et r\u00e9servations :<\/span><\/strong><\/p>\n\n\n\n<p>Stanislas Walotek (guide de p\u00eache) au <strong><a href=\"tel:+33677011950\"><span style=\"color:#021ba7\" class=\"has-inline-color\">0677011950<\/span><\/a><\/strong><span class=\"has-inline-color has-vivid-red-color\"> <\/span>ou <strong><a href=\"mailto:panam.fishing@outlook.fr\"><span style=\"color:#021ba7\" class=\"has-inline-color\">panam.fishing@outlook.fr<\/span><\/a><\/strong><\/p>\n\n\n\n<hr class=\"wp-block-separator has-css-opacity is-style-wide\"\/>\n\n\n\n<p><\/p>\n","protected":false},"excerpt":{"rendered":"<p>Un cadeau qui ravira les amoureux de la nature et de la p\u00eache de la carpe sur les grandes \u00e9tendues d&rsquo;eau. Approche des postes, strat\u00e9gie d\u2019amor\u00e7age, de montages et de saisonnalit\u00e9, la p\u00eache de la carpe en batterie n&rsquo;aura plus de secret pour le chanceux b\u00e9n\u00e9ficiaire de cette s\u00e9ance. En r\u00e9gion parisienne ou sur un &hellip; <\/p>\n<p class=\"link-more\"><a href=\"https:\/\/panamfishing.fr\/index.php\/bon-cadeau-peche-de-la-carpe\/\" class=\"more-link\">Continuer la lecture<span class=\"screen-reader-text\"> de &laquo;&nbsp;Bon Cadeau P\u00eache de la Carpe&nbsp;&raquo;<\/span><\/a><\/p>\n","protected":false},"author":1,"featured_media":0,"parent":0,"menu_order":0,"comment_status":"closed","ping_status":"closed","template":"","meta":{"footnotes":""},"aioseo_notices":[],"_links":{"self":[{"href":"https:\/\/panamfishing.fr\/index.php\/wp-json\/wp\/v2\/pages\/795"}],"collection":[{"href":"https:\/\/panamfishing.fr\/index.php\/wp-json\/wp\/v2\/pages"}],"about":[{"href":"https:\/\/panamfishing.fr\/index.php\/wp-json\/wp\/v2\/types\/page"}],"author":[{"embeddable":true,"href":"https:\/\/panamfishing.fr\/index.php\/wp-json\/wp\/v2\/users\/1"}],"replies":[{"embeddable":true,"href":"https:\/\/panamfishing.fr\/index.php\/wp-json\/wp\/v2\/comments?post=795"}],"version-history":[{"count":16,"href":"https:\/\/panamfishing.fr\/index.php\/wp-json\/wp\/v2\/pages\/795\/revisions"}],"predecessor-version":[{"id":1383,"href":"https:\/\/panamfishing.fr\/index.php\/wp-json\/wp\/v2\/pages\/795\/revisions\/1383"}],"wp:attachment":[{"href":"https:\/\/panamfishing.fr\/index.php\/wp-json\/wp\/v2\/media?parent=795"}],"curies":[{"name":"wp","href":"https:\/\/api.w.org\/{rel}","templated":true}]}}