{"id":80,"date":"2018-12-11T16:37:40","date_gmt":"2018-12-11T15:37:40","guid":{"rendered":"http:\/\/panamfishing.fr\/?page_id=80"},"modified":"2023-06-26T09:50:19","modified_gmt":"2023-06-26T07:50:19","slug":"cours-carpe","status":"publish","type":"page","link":"https:\/\/panamfishing.fr\/index.php\/cours-carpe\/","title":{"rendered":"Cours Carpe"},"content":{"rendered":"\n<figure class=\"wp-block-image size-large\"><img loading=\"lazy\" decoding=\"async\" width=\"1024\" height=\"683\" src=\"http:\/\/panamfishing.fr\/wp-content\/uploads\/2021\/05\/peche-carpe-1024x683.jpg\" alt=\"cours de p\u00eache Paris\nguide de p\u00eache Paris\n\u00e9cole de p\u00eache Paris\nstage p\u00eache Paris\" class=\"wp-image-917\" srcset=\"https:\/\/panamfishing.fr\/wp-content\/uploads\/2021\/05\/peche-carpe-1024x683.jpg 1024w, https:\/\/panamfishing.fr\/wp-content\/uploads\/2021\/05\/peche-carpe-300x200.jpg 300w, https:\/\/panamfishing.fr\/wp-content\/uploads\/2021\/05\/peche-carpe-768x512.jpg 768w, https:\/\/panamfishing.fr\/wp-content\/uploads\/2021\/05\/peche-carpe-1536x1024.jpg 1536w, https:\/\/panamfishing.fr\/wp-content\/uploads\/2021\/05\/peche-carpe.jpg 1944w\" sizes=\"(max-width: 706px) 89vw, (max-width: 767px) 82vw, 740px\" \/><\/figure>\n\n\n<p class=\"p1\">D&rsquo;impressionnantes Carpes peuplent la Seine et les \u00e9tangs de Paris!<\/p>\n<p class=\"p1\">Je vous guiderai sur la <span style=\"color: #000080;\"><strong>technique de la p\u00eache \u00e0 la Carpe<\/strong><\/span>, dite \u00ab&nbsp;en batterie&nbsp;\u00bb, afin de mettre toutes les chances de votre c\u00f4t\u00e9 pour que vous ressentiez la puissance de ce poisson au bout de votre ligne!<\/p>\n<p>Approche des <span style=\"color: #000080;\"><strong>postes<\/strong><\/span>, <span style=\"color: #000080;\"><strong>strat\u00e9gie d\u2019amor\u00e7age<\/strong><\/span>, de<span style=\"color: #000080;\"><strong> montages<\/strong> <\/span>et de <span style=\"color: #000080;\"><strong>saisonnalit\u00e9<\/strong> <\/span>seront au programme. Des s\u00e9ances faites pour <span style=\"color: #000080;\"><strong>vous rendre autonome sur vos prochaines sessions de p\u00eache \u00e0 la Carpe<\/strong><\/span> en \u00e9tangs ou en rivi\u00e8re.<\/p>\n<p>Tout le mat\u00e9riel, les app\u00e2ts et les amorces vous seront fournis (hors carte de p\u00eache).<\/p>\n<p class=\"p1\">Il ne vous restera plus qu&rsquo;\u00e0 en profiter et \u00e9couter les d\u00e9tecteurs sonner!!!<\/p>\n<p><em>Tous les poissons captur\u00e9s seront rel\u00e2ch\u00e9s dans les meilleures conditions afin de respecter nos partenaires de jeux et la biodiversit\u00e9 aquatique.<\/em><\/p>\n\n\n<style>\n.tbody {\n  width: 100%;\n  color: #102983;\n}\n.tr {\n  display: flex;\n}\n.head {\n  background-color: #102983;\n  color: white;\n  width: calc(100% \/ 3);\n}\n.td {\n  padding: 5px;\n  width: calc(100% \/ 3);\n  max-width: calc(100% \/ 3);\n  text-align: center;\n  border-bottom: solid 1px #102983;\n  border-right: solid 1px #102983;\n}\n.td-2 {\n  width: calc((100% \/ 3) * 2);\n  text-align: center;\n  border-bottom: solid 1px #102983;\n  border-right: solid 1px #102983;\n}\n.last .head {\n  padding: 10px !important;\n}\n.last .td, .last .td-2{\n  padding: 20px;\n  display: flex;\n  flex-direction: column;\n  justify-content: center;\n}\n.info {\n  text-align: center;\n  margin: 5px;\n}\n.h2 {\n  display: flex;\n  letter-spacing: 0.1em;\n}\n.h2 span {\n  font-size: 1.2rem;\n  margin-right: 10px;\n}\n<\/style>\n<div class=\"tbody\">\n    <h2 class=\"h2\"> TARIFS<span>*<\/span> GUIDAGES CARPE <\/h2>\n    <div class=\"tr\">\n      <div class=\"td\"><\/div>\n      <div class=\"td head\">1\/2 journ\u00e9e (3h) *<\/div>\n      <div class=\"td head\">Journ\u00e9e compl\u00e8te (6h) *<\/div>      \n    <\/div>\n    <div class=\"tr\">\n      <div class= \"td head\"> 1 personne <\/div>\n      <div class= \"td\"> 110\u20ac <\/div>\n      <div class= \"td\"> 210\u20ac <\/div>      \n    <\/div>\n    <div class=\"tr\">\n      <div class=\"td head\"> 2 personnes <\/div>\n      <div class=\"td\"> 100\u20ac <\/div>\n      <div class=\"td\"> 190\u20ac <\/div>      \n    <\/div>\n    <div class=\"tr\">\n      <div class=\"td head\"> 3 \u00e0 5 personnes <\/div>\n      <div class=\"td\"> 90\u20ac <\/div>\n      <div class=\"td\"> 170\u20ac <\/div>      \n    <\/div>\n    <div class=\"tr last\">\n      <div class=\"td head\"> Groupes <\/br> <i>Plus de 5 personnes<\/i> \n      <\/div>\n      <div class=\"td-2\"> \n      Devis sur-mesure\n      <hr\/>\n<i><a href=\"tel:+33677011950\">0677011950<\/a>\n <br\/>ou \n <br\/><a href=\"mailto:panam.fishing@outlook.fr\">panam.fishing@outlook.fr<\/i><\/a>\n     <\/div>\n    <\/div>\n    <div class=\"info\"> <i>* Prix par personne, mat\u00e9riel fourni<\/i><\/div>\n<\/div>\n<br\/>\n<div><center><B>Pour les mordus de p\u00eache, choisissez l&rsquo;option 24h de p\u00eache non-stop sur un \u00e9tang priv\u00e9 en Normandie avec bivouac et barbecue : <span style=\"color:#102983\">710\u20ac<\/B><\/div>\n\n\n\n<div class=\"wp-block-group\"><div class=\"wp-block-group__inner-container is-layout-flow wp-block-group-is-layout-flow\">\n<hr>\n<p><span style=\"color: #000080;\"><strong>Renseignements et r\u00e9servations :<\/strong><\/span><\/p>\n<p>Stanislas Walotek (guide de p\u00eache) au <span style=\"color: #000080;\"><strong><a style=\"color: #000080;\" href=\"tel:+33677011950\">0677011950<\/a><\/strong> <\/span>ou <span style=\"color: #000080;\"><strong><a style=\"color: #000080;\" href=\"mailto:panam.fishing@outlook.fr\">panam.fishing@outlook.fr<\/a><\/strong><\/span><\/p>\n<hr>\n<\/div><\/div>\n\n\n\n<div class=\"wp-block-columns is-layout-flex wp-container-core-columns-is-layout-4 wp-block-columns-is-layout-flex\">\n<div class=\"wp-block-column is-layout-flow wp-block-column-is-layout-flow\" style=\"flex-basis:100%\">\n<div class=\"wp-block-group\"><div class=\"wp-block-group__inner-container is-layout-flow wp-block-group-is-layout-flow\">\n<div class=\"wp-block-columns is-layout-flex wp-container-core-columns-is-layout-3 wp-block-columns-is-layout-flex\">\n<div class=\"wp-block-column is-layout-flow wp-block-column-is-layout-flow\" style=\"flex-basis:100%\">\n<div class=\"wp-block-group\"><div class=\"wp-block-group__inner-container is-layout-flow wp-block-group-is-layout-flow\">\n<div class=\"wp-block-columns is-layout-flex wp-container-core-columns-is-layout-2 wp-block-columns-is-layout-flex\">\n<div class=\"wp-block-column is-layout-flow wp-block-column-is-layout-flow\" style=\"flex-basis:100%\">\n<div class=\"wp-block-columns is-layout-flex wp-container-core-columns-is-layout-1 wp-block-columns-is-layout-flex\">\n<div class=\"wp-block-column is-layout-flow wp-block-column-is-layout-flow\" style=\"flex-basis:100%\">\n<figure class=\"wp-block-gallery aligncenter has-nested-images columns-default is-cropped wp-block-gallery-1 is-layout-flex wp-block-gallery-is-layout-flex\">\n<figure class=\"wp-block-image size-large\"><img loading=\"lazy\" decoding=\"async\" width=\"1024\" height=\"768\" src=\"http:\/\/panamfishing.fr\/wp-content\/uploads\/2019\/01\/guide-de-p\u00eache.-guide-de-p\u00eache-\u00e0-Paris.-p\u00eache-\u00e0-la-carpe.-p\u00eache.-guidage-p\u00eache.-cours-de-p\u00eache-sport-de-plein-air--1024x768.jpeg\" alt=\"cours de p\u00eache\nguide de p\u00eache Paris\n\u00e9cole de p\u00eache \nstage de p\u00eache Paris\" class=\"wp-image-334\" srcset=\"https:\/\/panamfishing.fr\/wp-content\/uploads\/2019\/01\/guide-de-p\u00eache.-guide-de-p\u00eache-\u00e0-Paris.-p\u00eache-\u00e0-la-carpe.-p\u00eache.-guidage-p\u00eache.-cours-de-p\u00eache-sport-de-plein-air--1024x768.jpeg 1024w, https:\/\/panamfishing.fr\/wp-content\/uploads\/2019\/01\/guide-de-p\u00eache.-guide-de-p\u00eache-\u00e0-Paris.-p\u00eache-\u00e0-la-carpe.-p\u00eache.-guidage-p\u00eache.-cours-de-p\u00eache-sport-de-plein-air--300x225.jpeg 300w, https:\/\/panamfishing.fr\/wp-content\/uploads\/2019\/01\/guide-de-p\u00eache.-guide-de-p\u00eache-\u00e0-Paris.-p\u00eache-\u00e0-la-carpe.-p\u00eache.-guidage-p\u00eache.-cours-de-p\u00eache-sport-de-plein-air--768x576.jpeg 768w\" sizes=\"(max-width: 706px) 89vw, (max-width: 767px) 82vw, 740px\" \/><\/figure>\n\n\n\n<figure class=\"wp-block-image size-large\"><img loading=\"lazy\" decoding=\"async\" width=\"1024\" height=\"576\" src=\"http:\/\/panamfishing.fr\/wp-content\/uploads\/2019\/01\/guide-de-p\u00eache.-carpe.-cours-de-p\u00eache.-guidage-p\u00eache.-canne-\u00e0-p\u00eache-Paris-1024x576.jpg\" alt=\"cours de p\u00eache Paris\nguide de p\u00eache Paris\n\u00e9cole de p\u00eache\nstage p\u00eache\" class=\"wp-image-340\" srcset=\"https:\/\/panamfishing.fr\/wp-content\/uploads\/2019\/01\/guide-de-p\u00eache.-carpe.-cours-de-p\u00eache.-guidage-p\u00eache.-canne-\u00e0-p\u00eache-Paris-1024x576.jpg 1024w, https:\/\/panamfishing.fr\/wp-content\/uploads\/2019\/01\/guide-de-p\u00eache.-carpe.-cours-de-p\u00eache.-guidage-p\u00eache.-canne-\u00e0-p\u00eache-Paris-300x169.jpg 300w, https:\/\/panamfishing.fr\/wp-content\/uploads\/2019\/01\/guide-de-p\u00eache.-carpe.-cours-de-p\u00eache.-guidage-p\u00eache.-canne-\u00e0-p\u00eache-Paris-768x432.jpg 768w, https:\/\/panamfishing.fr\/wp-content\/uploads\/2019\/01\/guide-de-p\u00eache.-carpe.-cours-de-p\u00eache.-guidage-p\u00eache.-canne-\u00e0-p\u00eache-Paris.jpg 1632w\" sizes=\"(max-width: 706px) 89vw, (max-width: 767px) 82vw, 740px\" \/><\/figure>\n<\/figure>\n<\/div>\n<\/div>\n<\/div>\n<\/div>\n<\/div><\/div>\n<\/div>\n<\/div>\n<\/div><\/div>\n\n\n\n<p><\/p>\n<\/div>\n<\/div>\n","protected":false},"excerpt":{"rendered":"<p>D&rsquo;impressionnantes Carpes peuplent la Seine et les \u00e9tangs de Paris! Je vous guiderai sur la technique de la p\u00eache \u00e0 la Carpe, dite \u00ab&nbsp;en batterie&nbsp;\u00bb, afin de mettre toutes les chances de votre c\u00f4t\u00e9 pour que vous ressentiez la puissance de ce poisson au bout de votre ligne! Approche des postes, strat\u00e9gie d\u2019amor\u00e7age, de montages &hellip; <\/p>\n<p class=\"link-more\"><a href=\"https:\/\/panamfishing.fr\/index.php\/cours-carpe\/\" class=\"more-link\">Continuer la lecture<span class=\"screen-reader-text\"> de &laquo;&nbsp;Cours Carpe&nbsp;&raquo;<\/span><\/a><\/p>\n","protected":false},"author":1,"featured_media":0,"parent":0,"menu_order":0,"comment_status":"closed","ping_status":"closed","template":"","meta":{"footnotes":""},"aioseo_notices":[],"_links":{"self":[{"href":"https:\/\/panamfishing.fr\/index.php\/wp-json\/wp\/v2\/pages\/80"}],"collection":[{"href":"https:\/\/panamfishing.fr\/index.php\/wp-json\/wp\/v2\/pages"}],"about":[{"href":"https:\/\/panamfishing.fr\/index.php\/wp-json\/wp\/v2\/types\/page"}],"author":[{"embeddable":true,"href":"https:\/\/panamfishing.fr\/index.php\/wp-json\/wp\/v2\/users\/1"}],"replies":[{"embeddable":true,"href":"https:\/\/panamfishing.fr\/index.php\/wp-json\/wp\/v2\/comments?post=80"}],"version-history":[{"count":42,"href":"https:\/\/panamfishing.fr\/index.php\/wp-json\/wp\/v2\/pages\/80\/revisions"}],"predecessor-version":[{"id":1388,"href":"https:\/\/panamfishing.fr\/index.php\/wp-json\/wp\/v2\/pages\/80\/revisions\/1388"}],"wp:attachment":[{"href":"https:\/\/panamfishing.fr\/index.php\/wp-json\/wp\/v2\/media?parent=80"}],"curies":[{"name":"wp","href":"https:\/\/api.w.org\/{rel}","templated":true}]}}