{"id":83,"date":"2018-12-11T16:39:09","date_gmt":"2018-12-11T15:39:09","guid":{"rendered":"http:\/\/panamfishing.fr\/?page_id=83"},"modified":"2023-06-26T09:52:11","modified_gmt":"2023-06-26T07:52:11","slug":"cours-silure","status":"publish","type":"page","link":"https:\/\/panamfishing.fr\/index.php\/cours-silure\/","title":{"rendered":"Cours Silure"},"content":{"rendered":"<div class=\"wp-block-image\">\n<figure class=\"aligncenter size-large is-resized\"><img loading=\"lazy\" decoding=\"async\" src=\"http:\/\/panamfishing.fr\/wp-content\/uploads\/2022\/11\/cours-de-peche-silure-Paris-766x1024.jpg\" alt=\"\" class=\"wp-image-1256\" width=\"447\" height=\"598\" srcset=\"https:\/\/panamfishing.fr\/wp-content\/uploads\/2022\/11\/cours-de-peche-silure-Paris-766x1024.jpg 766w, https:\/\/panamfishing.fr\/wp-content\/uploads\/2022\/11\/cours-de-peche-silure-Paris-224x300.jpg 224w, https:\/\/panamfishing.fr\/wp-content\/uploads\/2022\/11\/cours-de-peche-silure-Paris-768x1027.jpg 768w, https:\/\/panamfishing.fr\/wp-content\/uploads\/2022\/11\/cours-de-peche-silure-Paris.jpg 957w\" sizes=\"(max-width: 447px) 100vw, 447px\" \/><\/figure><\/div>\n\n<p class=\"p1\">Venez <span style=\"color: #000000;\">traquer<\/span> ce <span style=\"color: #000080;\"><strong>g\u00e9ant d&rsquo;eau douce<\/strong><\/span>&nbsp;!!!<\/p>\n<p class=\"p1\"><span style=\"color: #000080;\"><strong>Diff\u00e9rentes techniques<\/strong><\/span> peuvent \u00eatre mises en place pour tromper ces gros chats de la Seine et p\u00eacher votre <span style=\"color: #000080;\"><strong>poisson record<\/strong><\/span>, au <span style=\"color: #000080;\"><strong>pos\u00e9<\/strong> <\/span>avec app\u00e2ts, aux <span style=\"color: #000080;\"><strong>leurres<\/strong> <\/span>ou encore au <span style=\"color: #000080;\"><strong>cassant<\/strong> <\/span>.<\/p>\n<p class=\"p1\">Un <span style=\"color: #000080;\"><strong>mat\u00e9riel de qualit\u00e9<\/strong><\/span>, les <span style=\"color: #000080;\"><strong>app\u00e2ts<\/strong><\/span>, ainsi que toutes les <span style=\"color: #000080;\"><strong>strat\u00e9gies \u00e0 adopter<\/strong><\/span> vous seront fournis lors de ces <span style=\"color: #000080;\"><strong>s\u00e9ances sportives et riches en \u00e9motions <\/strong><\/span>(hors carte de p\u00eache).<\/p>\n<p class=\"p1\"><span style=\"color: #000080;\"><strong>ATTENTION LES BRAS<\/strong><\/span><b>&nbsp;<\/b>!!!<\/p>\n\n\n<div class=\"wp-block-columns is-layout-flex wp-container-core-columns-is-layout-2 wp-block-columns-is-layout-flex\">\n<div class=\"wp-block-column is-layout-flow wp-block-column-is-layout-flow\" style=\"flex-basis:100%\">\n<div class=\"wp-block-columns is-layout-flex wp-container-core-columns-is-layout-1 wp-block-columns-is-layout-flex\">\n<div class=\"wp-block-column is-layout-flow wp-block-column-is-layout-flow\" style=\"flex-basis:100%\">\n<style>\n.tbody {\n  width: 100%;\n  color: #102983;\n}\n.tr {\n  display: flex;\n}\n.head {\n  background-color: #102983;\n  color: white;\n  width: calc(100% \/ 3);\n}\n.td {\n  padding: 5px;\n  width: calc(100% \/ 3);\n  max-width: calc(100% \/ 3);\n  text-align: center;\n  border-bottom: solid 1px #102983;\n  border-right: solid 1px #102983;\n}\n.td-2 {\n  width: calc((100% \/ 3) * 2);\n  text-align: center;\n  border-bottom: solid 1px #102983;\n  border-right: solid 1px #102983;\n}\n.last .head {\n  padding: 10px !important;\n}\n.last .td, .last .td-2{\n  padding: 20px;\n  display: flex;\n  flex-direction: column;\n  justify-content: center;\n}\n.info {\n  text-align: center;\n  margin: 5px;\n}\n.h2 {\n  display: flex;\n  letter-spacing: 0.1em;\n}\n.h2 span {\n  font-size: 1.2rem;\n  margin-right: 10px;\n}\n<\/style>\n<div class=\"tbody\">\n    <h2 class=\"h2\">TARIFS*<\/span> GUIDAGES SILURE <\/h2>\n    <div class=\"tr\">\n      <div class=\"td\"><\/div>\n      <div class=\"td head\">1\/2 journ\u00e9e (3h) *<\/div>\n      <div class=\"td head\">Journ\u00e9e compl\u00e8te (6h) *<\/div>      \n    <\/div>\n    <div class=\"tr\">\n      <div class=\"td head\"> 1 personne <\/div>\n      <div class=\"td\"> 120\u20ac <\/div>\n      <div class=\"td\"> 230\u20ac <\/div>      \n    <\/div>\n    <div class=\"tr\">\n      <div class=\"td head\"> 2 personnes <\/div>\n      <div class=\"td\"> 110\u20ac <\/div>\n      <div class=\"td\"> 210\u20ac <\/div>      \n    <\/div>\n    <div class=\"tr\">\n      <div class=\"td head\"> 3 \u00e0 5 personnes <\/div>\n      <div class=\"td\"> 100\u20ac <\/div>\n      <div class=\"td\"> 190\u20ac <\/div>      \n    <\/div>\n    <div class=\"tr last\">\n      <div class=\"td head\"> Groupes <\/br> <i>Plus de 5 personnes<\/i> \n      <\/div>\n      <div class=\"td-2\"> \n      Devis sur-mesure\n      <hr\/>\n<i><a href=\"tel:+33677011950\">0677011950<\/a>\n <br\/>ou \n <br\/><a href=\"mailto:panam.fishing@outlook.fr\">panam.fishing@outlook.fr<\/i><\/a>\n     <\/div>\n    <\/div>\n    <div class=\"info\"> <i>* Prix par personne, mat\u00e9riel fourni<\/i><\/div>\n<\/div>\n<br\/>\n<div><center><B>Pour les mordus de p\u00eache, choisissez l&rsquo;option 24h de p\u00eache non-stop sur un \u00e9tang priv\u00e9 en Normandie avec bivouac et barbecue : <span style=\"color:#102983\">710\u20ac<\/B><\/div>\n<\/div>\n<\/div>\n<\/div>\n<\/div>\n\n\n<hr>\n<p><span style=\"color: #000080;\"><strong>Renseignements et r\u00e9servations :<\/strong><\/span><\/p>\n<p>Stanislas Walotek (guide de p\u00eache) au <span style=\"color: #000080;\"><strong><a style=\"color: #000080;\" href=\"tel:+33677011950\">0677011950<\/a><\/strong> <\/span>ou <span style=\"color: #000080;\"><strong><a style=\"color: #000080;\" href=\"mailto:panam.fishing@outlook.fr\">panam.fishing@outlook.fr<\/a><\/strong><\/span><\/p>\n<hr>\n\n\n<figure class=\"wp-block-gallery has-nested-images columns-2 is-cropped wp-block-gallery-1 is-layout-flex wp-block-gallery-is-layout-flex\">\n<figure class=\"wp-block-image size-large\"><img loading=\"lazy\" decoding=\"async\" width=\"1024\" height=\"768\" data-id=\"356\" src=\"http:\/\/panamfishing.fr\/wp-content\/uploads\/2019\/01\/guide-de-p\u00eache-Paris.-guide-de-p\u00eache-au-silure.-p\u00eache-du-silure.--1024x768.jpg\" alt=\"\" class=\"wp-image-356\" srcset=\"https:\/\/panamfishing.fr\/wp-content\/uploads\/2019\/01\/guide-de-p\u00eache-Paris.-guide-de-p\u00eache-au-silure.-p\u00eache-du-silure.--1024x768.jpg 1024w, https:\/\/panamfishing.fr\/wp-content\/uploads\/2019\/01\/guide-de-p\u00eache-Paris.-guide-de-p\u00eache-au-silure.-p\u00eache-du-silure.--300x225.jpg 300w, https:\/\/panamfishing.fr\/wp-content\/uploads\/2019\/01\/guide-de-p\u00eache-Paris.-guide-de-p\u00eache-au-silure.-p\u00eache-du-silure.--768x576.jpg 768w\" sizes=\"(max-width: 706px) 89vw, (max-width: 767px) 82vw, 740px\" \/><\/figure>\n\n\n\n<figure class=\"wp-block-image size-large\"><img loading=\"lazy\" decoding=\"async\" width=\"1024\" height=\"574\" data-id=\"915\" src=\"http:\/\/panamfishing.fr\/wp-content\/uploads\/2021\/05\/guide-de-peche-Paris-silure-1024x574.jpg\" alt=\"\" class=\"wp-image-915\" srcset=\"https:\/\/panamfishing.fr\/wp-content\/uploads\/2021\/05\/guide-de-peche-Paris-silure-1024x574.jpg 1024w, https:\/\/panamfishing.fr\/wp-content\/uploads\/2021\/05\/guide-de-peche-Paris-silure-300x168.jpg 300w, https:\/\/panamfishing.fr\/wp-content\/uploads\/2021\/05\/guide-de-peche-Paris-silure-768x431.jpg 768w, https:\/\/panamfishing.fr\/wp-content\/uploads\/2021\/05\/guide-de-peche-Paris-silure.jpg 1280w\" sizes=\"(max-width: 706px) 89vw, (max-width: 767px) 82vw, 740px\" \/><\/figure>\n<figcaption class=\"blocks-gallery-caption wp-element-caption\">Les silures de Seine.<\/figcaption><\/figure>\n","protected":false},"excerpt":{"rendered":"<p>Venez traquer ce g\u00e9ant d&rsquo;eau douce&nbsp;!!! Diff\u00e9rentes techniques peuvent \u00eatre mises en place pour tromper ces gros chats de la Seine et p\u00eacher votre poisson record, au pos\u00e9 avec app\u00e2ts, aux leurres ou encore au cassant . Un mat\u00e9riel de qualit\u00e9, les app\u00e2ts, ainsi que toutes les strat\u00e9gies \u00e0 adopter vous seront fournis lors de &hellip; <\/p>\n<p class=\"link-more\"><a href=\"https:\/\/panamfishing.fr\/index.php\/cours-silure\/\" class=\"more-link\">Continuer la lecture<span class=\"screen-reader-text\"> de &laquo;&nbsp;Cours Silure&nbsp;&raquo;<\/span><\/a><\/p>\n","protected":false},"author":1,"featured_media":0,"parent":0,"menu_order":0,"comment_status":"closed","ping_status":"closed","template":"","meta":{"footnotes":""},"aioseo_notices":[],"_links":{"self":[{"href":"https:\/\/panamfishing.fr\/index.php\/wp-json\/wp\/v2\/pages\/83"}],"collection":[{"href":"https:\/\/panamfishing.fr\/index.php\/wp-json\/wp\/v2\/pages"}],"about":[{"href":"https:\/\/panamfishing.fr\/index.php\/wp-json\/wp\/v2\/types\/page"}],"author":[{"embeddable":true,"href":"https:\/\/panamfishing.fr\/index.php\/wp-json\/wp\/v2\/users\/1"}],"replies":[{"embeddable":true,"href":"https:\/\/panamfishing.fr\/index.php\/wp-json\/wp\/v2\/comments?post=83"}],"version-history":[{"count":41,"href":"https:\/\/panamfishing.fr\/index.php\/wp-json\/wp\/v2\/pages\/83\/revisions"}],"predecessor-version":[{"id":1391,"href":"https:\/\/panamfishing.fr\/index.php\/wp-json\/wp\/v2\/pages\/83\/revisions\/1391"}],"wp:attachment":[{"href":"https:\/\/panamfishing.fr\/index.php\/wp-json\/wp\/v2\/media?parent=83"}],"curies":[{"name":"wp","href":"https:\/\/api.w.org\/{rel}","templated":true}]}}