{"id":86,"date":"2018-12-11T16:41:01","date_gmt":"2018-12-11T15:41:01","guid":{"rendered":"http:\/\/panamfishing.fr\/?page_id=86"},"modified":"2022-11-22T19:13:51","modified_gmt":"2022-11-22T18:13:51","slug":"cours-multi-peche-coup-feeder-carnassiers-carpes","status":"publish","type":"page","link":"https:\/\/panamfishing.fr\/index.php\/cours-multi-peche-coup-feeder-carnassiers-carpes\/","title":{"rendered":"Cours Multi-P\u00eache : Coup-Feeder-Carnassiers-Carpes"},"content":{"rendered":"\n<figure class=\"wp-block-image aligncenter size-large is-resized\"><img loading=\"lazy\" decoding=\"async\" src=\"http:\/\/panamfishing.fr\/wp-content\/uploads\/2021\/05\/cours-de-peche-du-brochet-Paris-683x1024.jpg\" alt=\"cours de p\u00eache Paris\nguide de p\u00eache Paris\n\u00e9cole de p\u00eache Paris\nstage de p\u00eache Paris\" class=\"wp-image-914\" width=\"480\" height=\"719\" srcset=\"https:\/\/panamfishing.fr\/wp-content\/uploads\/2021\/05\/cours-de-peche-du-brochet-Paris-683x1024.jpg 683w, https:\/\/panamfishing.fr\/wp-content\/uploads\/2021\/05\/cours-de-peche-du-brochet-Paris-200x300.jpg 200w, https:\/\/panamfishing.fr\/wp-content\/uploads\/2021\/05\/cours-de-peche-du-brochet-Paris-768x1151.jpg 768w, https:\/\/panamfishing.fr\/wp-content\/uploads\/2021\/05\/cours-de-peche-du-brochet-Paris-1025x1536.jpg 1025w, https:\/\/panamfishing.fr\/wp-content\/uploads\/2021\/05\/cours-de-peche-du-brochet-Paris.jpg 1366w\" sizes=\"(max-width: 480px) 100vw, 480px\" \/><\/figure>\n\n\n<p class=\"p1\">Des s\u00e9ances faites pour <span style=\"color: #000080;\"><strong>vous apprendre les bases ou vous perfectionner<\/strong><\/span> sur les techniques de <strong><span style=\"color: #000080;\">p\u00eache au coup<\/span>, <span style=\"color: #000080;\">feeder<\/span>, <span style=\"color: #000080;\">carnassiers aux leurres<\/span><\/strong> ou encore <span style=\"color: #000080;\"><strong>carpes<\/strong><\/span>, tout pour <span style=\"color: #000080;\"><strong>vous rendre autonome lors de vos futures sessions de p\u00eache<\/strong><\/span>.<\/p>\n<p class=\"p1\">Au cours de ces guidages, nous verrons ensemble comment d\u00e9velopper votre<span style=\"color: #000080;\"><strong> sens de<\/strong> <strong>l&rsquo;eau<\/strong><\/span>, aborder les <span style=\"color: #000080;\"><strong>postes<\/strong><\/span>, les<span style=\"color: #000080;\"><strong> techniques<\/strong><\/span>, les<span style=\"color: #000080;\"><strong> montages<\/strong> <\/span>mais \u00e9galement la<span style=\"color: #000080;\"><strong> saisonnalit\u00e9<\/strong><\/span>, selon les esp\u00e8ces de poissons recherch\u00e9es.<\/p>\n<p class=\"p1\">Tout le mat\u00e9riel, les app\u00e2ts et les amorces vous seront fournis (hors carte de p\u00eache), afin que vous puissiez en profiter en toute s\u00e9r\u00e9nit\u00e9.<\/p>\n<p><em>Tous les poissons captur\u00e9s seront rel\u00e2ch\u00e9s dans les meilleures conditions afin de respecter nos partenaires de jeux et la biodiversit\u00e9 aquatique.<\/em><\/p>\n\n\n<style>\n.tbody {\n  width: 100%;\n  color: #102983;\n}\n.tr {\n  display: flex;\n}\n.head {\n  background-color: #102983;\n  color: white;\n  width: calc(100% \/ 3);\n}\n.td {\n  padding: 5px;\n  width: calc(100% \/ 3);\n  max-width: calc(100% \/ 3);\n  text-align: center;\n  border-bottom: solid 1px #102983;\n  border-right: solid 1px #102983;\n}\n.td-2 {\n  width: calc((100% \/ 3) * 2);\n  text-align: center;\n  border-bottom: solid 1px #102983;\n  border-right: solid 1px #102983;\n}\n.last .head {\n  padding: 10px !important;\n}\n.last .td, .last .td-2{\n  padding: 20px;\n  display: flex;\n  flex-direction: column;\n  justify-content: center;\n}\n.info {\n  text-align: center;\n  margin: 5px;\n}\n.h2 {\n  display: flex;\n  letter-spacing: 0.1em;\n}\n.h2 span {\n  font-size: 1.2rem;\n  margin-right: 10px;\n}\n<\/style>\n<div class=\"tbody\">\n    <h2 class=\"h2\"> TARIFS<span>*<\/span> GUIDAGES MULTI PECHE <\/h2>\n    <div class=\"tr\">\n      <div class=\"td\"><\/div>\n      <div class=\"td head\">1\/2 journ\u00e9e (3h) *<\/div>\n      <div class=\"td head\">Journ\u00e9e compl\u00e8te (6h) *<\/div>      \n    <\/div>\n    <div class=\"tr\">\n      <div class=\"td head\"> 1 personne <\/div>\n      <div class=\"td\"> 110\u20ac <\/div>\n      <div class=\"td\"> 210\u20ac <\/div>      \n    <\/div>\n    <div class=\"tr\">\n      <div class=\"td head\"> 2 personnes <\/div>\n      <div class=\"td\"> 100\u20ac <\/div>\n      <div class=\"td\"> 190\u20ac <\/div>      \n    <\/div>\n    <div class=\"tr\">\n      <div class=\"td head\"> 3 \u00e0 5 personnes <\/div>\n      <div class=\"td\"> 90\u20ac <\/div>\n      <div class=\"td\"> 170\u20ac <\/div>      \n    <\/div>\n    <div class=\"tr last\">\n      <div class=\"td head\"> Groupes <\/br> <i>Plus de 5 personnes<\/i> \n      <\/div>\n      <div class=\"td-2\"> \n      Devis sur-mesure\n      <hr\/>\n<i><a href=\"tel:+33677011950\">0677011950<\/a>\n <br\/>ou \n <br\/><a href=\"mailto:panam.fishing@outlook.fr\">panam.fishing@outlook.fr<\/i><\/a>\n     <\/div>\n    <\/div>\n    <div class=\"info\"> <i>* Prix par personne, mat\u00e9riel fourni<\/i><\/div>\n<\/div>\n\n\n<hr>\n<p><strong><span style=\"color: #000080;\">Renseignements et r\u00e9servations<\/span> :<\/strong><\/p>\n<p>Stanislas Walotek (guide de p\u00eache) au <span style=\"color: #000080;\"><strong><a style=\"color: #000080;\" href=\"tel:+33677011950\">0677011950<\/a><\/strong> <\/span>ou <span style=\"color: #000080;\"><strong><a style=\"color: #000080;\" href=\"mailto:panam.fishing@outlook.fr\">panam.fishing@outlook.fr<\/a><\/strong><\/span><\/p>\n<hr>\n\n\n<figure class=\"wp-block-gallery has-nested-images columns-default is-cropped wp-block-gallery-1 is-layout-flex wp-block-gallery-is-layout-flex\">\n<figure class=\"wp-block-image size-large\"><img loading=\"lazy\" decoding=\"async\" width=\"1024\" height=\"1024\" data-id=\"1232\" src=\"http:\/\/panamfishing.fr\/wp-content\/uploads\/2022\/11\/ecole-de-peche-Paris-1024x1024.jpg\" alt=\"cours de p\u00eache Paris\nguide de p\u00eache Paris\n\u00e9cole de p\u00eache Paris\nstage de p\u00eache Paris\" class=\"wp-image-1232\" srcset=\"https:\/\/panamfishing.fr\/wp-content\/uploads\/2022\/11\/ecole-de-peche-Paris-1024x1024.jpg 1024w, https:\/\/panamfishing.fr\/wp-content\/uploads\/2022\/11\/ecole-de-peche-Paris-300x300.jpg 300w, https:\/\/panamfishing.fr\/wp-content\/uploads\/2022\/11\/ecole-de-peche-Paris-150x150.jpg 150w, https:\/\/panamfishing.fr\/wp-content\/uploads\/2022\/11\/ecole-de-peche-Paris-768x768.jpg 768w, https:\/\/panamfishing.fr\/wp-content\/uploads\/2022\/11\/ecole-de-peche-Paris-100x100.jpg 100w, https:\/\/panamfishing.fr\/wp-content\/uploads\/2022\/11\/ecole-de-peche-Paris.jpg 1440w\" sizes=\"(max-width: 706px) 89vw, (max-width: 767px) 82vw, 740px\" \/><\/figure>\n\n\n\n<figure class=\"wp-block-image size-large\"><img loading=\"lazy\" decoding=\"async\" width=\"1024\" height=\"485\" data-id=\"720\" src=\"http:\/\/panamfishing.fr\/wp-content\/uploads\/2020\/06\/guide-de-p\u00eache-Paris-Cours-de-p\u00eache-1024x485.jpeg\" alt=\"cours de p\u00eache Paris\nguide de p\u00eache Paris\n\u00e9cole de p\u00eache Paris\nstage de p\u00eache Paris\" class=\"wp-image-720\" srcset=\"https:\/\/panamfishing.fr\/wp-content\/uploads\/2020\/06\/guide-de-p\u00eache-Paris-Cours-de-p\u00eache-1024x485.jpeg 1024w, https:\/\/panamfishing.fr\/wp-content\/uploads\/2020\/06\/guide-de-p\u00eache-Paris-Cours-de-p\u00eache-300x142.jpeg 300w, https:\/\/panamfishing.fr\/wp-content\/uploads\/2020\/06\/guide-de-p\u00eache-Paris-Cours-de-p\u00eache-768x363.jpeg 768w, https:\/\/panamfishing.fr\/wp-content\/uploads\/2020\/06\/guide-de-p\u00eache-Paris-Cours-de-p\u00eache-1536x727.jpeg 1536w, https:\/\/panamfishing.fr\/wp-content\/uploads\/2020\/06\/guide-de-p\u00eache-Paris-Cours-de-p\u00eache.jpeg 2016w\" sizes=\"(max-width: 706px) 89vw, (max-width: 767px) 82vw, 740px\" \/><\/figure>\n<\/figure>\n","protected":false},"excerpt":{"rendered":"<p>Des s\u00e9ances faites pour vous apprendre les bases ou vous perfectionner sur les techniques de p\u00eache au coup, feeder, carnassiers aux leurres ou encore carpes, tout pour vous rendre autonome lors de vos futures sessions de p\u00eache. Au cours de ces guidages, nous verrons ensemble comment d\u00e9velopper votre sens de l&rsquo;eau, aborder les postes, les &hellip; <\/p>\n<p class=\"link-more\"><a href=\"https:\/\/panamfishing.fr\/index.php\/cours-multi-peche-coup-feeder-carnassiers-carpes\/\" class=\"more-link\">Continuer la lecture<span class=\"screen-reader-text\"> de &laquo;&nbsp;Cours Multi-P\u00eache : Coup-Feeder-Carnassiers-Carpes&nbsp;&raquo;<\/span><\/a><\/p>\n","protected":false},"author":1,"featured_media":0,"parent":0,"menu_order":0,"comment_status":"closed","ping_status":"closed","template":"","meta":{"footnotes":""},"aioseo_notices":[],"_links":{"self":[{"href":"https:\/\/panamfishing.fr\/index.php\/wp-json\/wp\/v2\/pages\/86"}],"collection":[{"href":"https:\/\/panamfishing.fr\/index.php\/wp-json\/wp\/v2\/pages"}],"about":[{"href":"https:\/\/panamfishing.fr\/index.php\/wp-json\/wp\/v2\/types\/page"}],"author":[{"embeddable":true,"href":"https:\/\/panamfishing.fr\/index.php\/wp-json\/wp\/v2\/users\/1"}],"replies":[{"embeddable":true,"href":"https:\/\/panamfishing.fr\/index.php\/wp-json\/wp\/v2\/comments?post=86"}],"version-history":[{"count":48,"href":"https:\/\/panamfishing.fr\/index.php\/wp-json\/wp\/v2\/pages\/86\/revisions"}],"predecessor-version":[{"id":1294,"href":"https:\/\/panamfishing.fr\/index.php\/wp-json\/wp\/v2\/pages\/86\/revisions\/1294"}],"wp:attachment":[{"href":"https:\/\/panamfishing.fr\/index.php\/wp-json\/wp\/v2\/media?parent=86"}],"curies":[{"name":"wp","href":"https:\/\/api.w.org\/{rel}","templated":true}]}}