{"id":91,"date":"2019-04-07T14:00:20","date_gmt":"2019-04-07T12:00:20","guid":{"rendered":"http:\/\/panamfishing.fr\/?page_id=91"},"modified":"2023-06-26T08:51:47","modified_gmt":"2023-06-26T06:51:47","slug":"colo-peche-vip-sologne","status":"publish","type":"page","link":"https:\/\/panamfishing.fr\/index.php\/colo-peche-vip-sologne\/","title":{"rendered":"Colonie p\u00eache VIP en Sologne"},"content":{"rendered":"<div class=\"wp-block-image\">\n<figure class=\"aligncenter size-large\"><img loading=\"lazy\" decoding=\"async\" width=\"1024\" height=\"849\" src=\"http:\/\/panamfishing.fr\/wp-content\/uploads\/2022\/11\/cours-de-peche-Paris-1-1024x849.jpg\" alt=\"\" class=\"wp-image-1242\" srcset=\"https:\/\/panamfishing.fr\/wp-content\/uploads\/2022\/11\/cours-de-peche-Paris-1-1024x849.jpg 1024w, https:\/\/panamfishing.fr\/wp-content\/uploads\/2022\/11\/cours-de-peche-Paris-1-300x249.jpg 300w, https:\/\/panamfishing.fr\/wp-content\/uploads\/2022\/11\/cours-de-peche-Paris-1-768x636.jpg 768w, https:\/\/panamfishing.fr\/wp-content\/uploads\/2022\/11\/cours-de-peche-Paris-1-1536x1273.jpg 1536w, https:\/\/panamfishing.fr\/wp-content\/uploads\/2022\/11\/cours-de-peche-Paris-1.jpg 1600w\" sizes=\"(max-width: 706px) 89vw, (max-width: 767px) 82vw, 740px\" \/><\/figure><\/div>\n\n<p>Un <span style=\"color: #000080;\"><strong>domaine priv\u00e9 de 30 hectares, 4 \u00e9tangs, un terrain de tennis, une piscine chauff\u00e9e, une salle de cin\u00e9ma<\/strong><\/span>&#8230; sont autant d&rsquo;\u00e9l\u00e9ments qui raviront vos enfants de 10 ans et plus lors de leur <span style=\"color: #000080;\"><strong>colonie de vacances p\u00eache en Sologne<\/strong><\/span>.<\/p>\n<p>Une semaine sur le th\u00e8me du <span style=\"color: #000080;\"><strong>multi-p\u00eache<\/strong><\/span> les attend. Au programme : black bass, brochets, carpes, silures, esturgeons&#8230; pour appr\u00e9hender un grand nombre de techniques de p\u00eache (dont le fameux et tant attendu <span style=\"color: #000080;\"><strong>float-tube<\/strong><\/span> !).<\/p>\n<p><span style=\"color: #000080;\"><strong>10 \u00e9l\u00e8ves maximum<\/strong><\/span> encadr\u00e9s par 2 guides de p\u00eache dipl\u00f4m\u00e9s d&rsquo;Etat permettront \u00e0 vos enfants de progresser et, pourquoi pas, attraper leur poisson record.<\/p>\n<p class=\"p1\">Cette <span style=\"color: #000080;\"><strong>semaine de vacances \u00e0 la p\u00eache<\/strong><\/span> a pour but de rendre vos jeunes autonomes sur les diff\u00e9rentes<span style=\"color: #000080;\"><strong> techniques de p\u00eache<\/strong><\/span> en leur faisant acqu\u00e9rir les bons gestes de protection, gestion et<span style=\"color: #000080;\"><strong> respect de la nature<\/strong><\/span> qui les entoure.<\/p>\n<p class=\"p1\"><strong><span style=\"color: #000080;\">Tout le mat\u00e9riel de p\u00eache et les app\u00e2ts sont fournis.<\/span><\/strong><\/p>\n<p><em>Tous les poissons captur\u00e9s seront rel\u00e2ch\u00e9s dans les meilleures conditions afin de respecter nos partenaires de jeux et la biodiversit\u00e9 aquatique.<\/em><\/p>\n<hr \/>\n<p><span style=\"color: #333399;\"><strong><span style=\"color: #000080;\">Planning et tarifs 2023-2024 : <br \/><\/span><\/strong><\/span><\/p>\n<p>La semaine : <span style=\"color: #000080;\"><strong>990\u20ac <\/strong><span style=\"color: #000000;\">hors transport<\/span><strong><br \/><\/strong><\/span><\/p>\n<ul>\n<li>Vacances de la <strong><span style=\"color: #000080;\">Toussaint<\/span> <\/strong>: du 28\/10 au 04\/11\/2023 inclus<\/li>\n<li>Vacances de <strong><span style=\"color: #000080;\">Printemps<\/span> <\/strong>: du 13\/04 au 20\/04\/2024 inclus<\/li>\n<\/ul>\n<hr \/>\n<p><span style=\"color: #000080;\"><strong>Renseignements et r\u00e9servations :<\/strong><\/span><\/p>\n<p>Stanislas Walotek (guide de p\u00eache) au <span style=\"color: #000080;\"><strong><a style=\"color: #000080;\" href=\"tel:+33677011950\">0677011950<\/a><\/strong> <\/span>ou <strong><a href=\"mailto:panam.fishing@outlook.fr\"><span style=\"color: #000080;\">panam.fishing@outlook.fr<\/span><\/a><\/strong><\/p>\n<hr \/>\n\n\n<figure class=\"wp-block-gallery has-nested-images columns-default is-cropped wp-block-gallery-1 is-layout-flex wp-block-gallery-is-layout-flex\">\n<figure class=\"wp-block-image size-large\"><img loading=\"lazy\" decoding=\"async\" width=\"768\" height=\"1024\" data-id=\"1239\" src=\"http:\/\/panamfishing.fr\/wp-content\/uploads\/2022\/11\/cours-de-peche-Paris-2-1-768x1024.jpg\" alt=\"\" class=\"wp-image-1239\" srcset=\"https:\/\/panamfishing.fr\/wp-content\/uploads\/2022\/11\/cours-de-peche-Paris-2-1-768x1024.jpg 768w, https:\/\/panamfishing.fr\/wp-content\/uploads\/2022\/11\/cours-de-peche-Paris-2-1-225x300.jpg 225w, https:\/\/panamfishing.fr\/wp-content\/uploads\/2022\/11\/cours-de-peche-Paris-2-1-1152x1536.jpg 1152w, https:\/\/panamfishing.fr\/wp-content\/uploads\/2022\/11\/cours-de-peche-Paris-2-1.jpg 1200w\" sizes=\"(max-width: 706px) 89vw, (max-width: 767px) 82vw, 740px\" \/><\/figure>\n\n\n\n<figure class=\"wp-block-image size-large\"><img loading=\"lazy\" decoding=\"async\" width=\"766\" height=\"1024\" data-id=\"1314\" src=\"http:\/\/panamfishing.fr\/wp-content\/uploads\/2023\/06\/peche-brochet-float-tube-Paris-766x1024.jpg\" alt=\"\" class=\"wp-image-1314\" srcset=\"https:\/\/panamfishing.fr\/wp-content\/uploads\/2023\/06\/peche-brochet-float-tube-Paris-766x1024.jpg 766w, https:\/\/panamfishing.fr\/wp-content\/uploads\/2023\/06\/peche-brochet-float-tube-Paris-224x300.jpg 224w, https:\/\/panamfishing.fr\/wp-content\/uploads\/2023\/06\/peche-brochet-float-tube-Paris-768x1027.jpg 768w, https:\/\/panamfishing.fr\/wp-content\/uploads\/2023\/06\/peche-brochet-float-tube-Paris.jpg 957w\" sizes=\"(max-width: 706px) 89vw, (max-width: 767px) 82vw, 740px\" \/><\/figure>\n<figcaption class=\"blocks-gallery-caption wp-element-caption\">Colo p\u00eache vacances scolaires Sologne.<\/figcaption><\/figure>\n","protected":false},"excerpt":{"rendered":"<p>Un domaine priv\u00e9 de 30 hectares, 4 \u00e9tangs, un terrain de tennis, une piscine chauff\u00e9e, une salle de cin\u00e9ma&#8230; sont autant d&rsquo;\u00e9l\u00e9ments qui raviront vos enfants de 10 ans et plus lors de leur colonie de vacances p\u00eache en Sologne. Une semaine sur le th\u00e8me du multi-p\u00eache les attend. Au programme : black bass, brochets, &hellip; <\/p>\n<p class=\"link-more\"><a href=\"https:\/\/panamfishing.fr\/index.php\/colo-peche-vip-sologne\/\" class=\"more-link\">Continuer la lecture<span class=\"screen-reader-text\"> de &laquo;&nbsp;Colonie p\u00eache VIP en Sologne&nbsp;&raquo;<\/span><\/a><\/p>\n","protected":false},"author":1,"featured_media":0,"parent":0,"menu_order":0,"comment_status":"closed","ping_status":"closed","template":"","meta":{"footnotes":""},"aioseo_notices":[],"_links":{"self":[{"href":"https:\/\/panamfishing.fr\/index.php\/wp-json\/wp\/v2\/pages\/91"}],"collection":[{"href":"https:\/\/panamfishing.fr\/index.php\/wp-json\/wp\/v2\/pages"}],"about":[{"href":"https:\/\/panamfishing.fr\/index.php\/wp-json\/wp\/v2\/types\/page"}],"author":[{"embeddable":true,"href":"https:\/\/panamfishing.fr\/index.php\/wp-json\/wp\/v2\/users\/1"}],"replies":[{"embeddable":true,"href":"https:\/\/panamfishing.fr\/index.php\/wp-json\/wp\/v2\/comments?post=91"}],"version-history":[{"count":40,"href":"https:\/\/panamfishing.fr\/index.php\/wp-json\/wp\/v2\/pages\/91\/revisions"}],"predecessor-version":[{"id":1372,"href":"https:\/\/panamfishing.fr\/index.php\/wp-json\/wp\/v2\/pages\/91\/revisions\/1372"}],"wp:attachment":[{"href":"https:\/\/panamfishing.fr\/index.php\/wp-json\/wp\/v2\/media?parent=91"}],"curies":[{"name":"wp","href":"https:\/\/api.w.org\/{rel}","templated":true}]}}