{"id":95,"date":"2018-12-11T16:54:11","date_gmt":"2018-12-11T15:54:11","guid":{"rendered":"http:\/\/panamfishing.fr\/?page_id=95"},"modified":"2022-11-22T18:51:30","modified_gmt":"2022-11-22T17:51:30","slug":"team-building","status":"publish","type":"page","link":"https:\/\/panamfishing.fr\/index.php\/team-building\/","title":{"rendered":"Les Team Building"},"content":{"rendered":"\n<figure class=\"wp-block-image aligncenter size-large is-resized\"><img loading=\"lazy\" decoding=\"async\" src=\"http:\/\/panamfishing.fr\/wp-content\/uploads\/2019\/01\/Guide-de-p\u00eache-Paris-et-en-Ile-de-France.-guidage-p\u00eache.-cours-de-p\u00eache.-carnassiers.-p\u00eache-au-leurres.-p\u00eacher-\u00e0-Paris-1024x768.jpg\" alt=\"cours de p\u00eache Paris\nguide de p\u00eache Paris\n\u00e9cole de p\u00eache Paris\nstage p\u00eache Paris\" class=\"wp-image-330\" width=\"484\" height=\"362\" srcset=\"https:\/\/panamfishing.fr\/wp-content\/uploads\/2019\/01\/Guide-de-p\u00eache-Paris-et-en-Ile-de-France.-guidage-p\u00eache.-cours-de-p\u00eache.-carnassiers.-p\u00eache-au-leurres.-p\u00eacher-\u00e0-Paris-1024x768.jpg 1024w, https:\/\/panamfishing.fr\/wp-content\/uploads\/2019\/01\/Guide-de-p\u00eache-Paris-et-en-Ile-de-France.-guidage-p\u00eache.-cours-de-p\u00eache.-carnassiers.-p\u00eache-au-leurres.-p\u00eacher-\u00e0-Paris-300x225.jpg 300w, https:\/\/panamfishing.fr\/wp-content\/uploads\/2019\/01\/Guide-de-p\u00eache-Paris-et-en-Ile-de-France.-guidage-p\u00eache.-cours-de-p\u00eache.-carnassiers.-p\u00eache-au-leurres.-p\u00eacher-\u00e0-Paris-768x576.jpg 768w\" sizes=\"(max-width: 484px) 100vw, 484px\" \/><\/figure>\n\n\n<p class=\"p1\">Vous recherchez une <span style=\"color: #000080;\"><strong>activit\u00e9 f\u00e9d\u00e9ratrice<\/strong> <strong>et originale<\/strong><\/span> pour vos salari\u00e9s ?<\/p>\n<p class=\"p1\">Panam Fishing vous propose de <span style=\"color: #333333;\">partager un moment convivial,<\/span> divertissant et ludique <span style=\"color: #000080;\"><strong>en \u00e9quipe<\/strong><\/span> lors d&rsquo;un <strong><span style=\"color: #000080;\">T<\/span><span style=\"color: #000080;\">eam Building<\/span><\/strong> m\u00e9langeant <strong><span style=\"color: #000080;\">nature et urbanisme<\/span><\/strong>.<\/p>\n<p class=\"p1\">Vos collaborateurs, encadr\u00e9s par un Guide de P\u00eache professionnel, seront initi\u00e9s \u00e0 la technique souhait\u00e9e :&nbsp; <span style=\"color: #000080;\"><strong>Coup, Leurres, Feeder, Carpe, Silure ou encore Float-tube<\/strong><\/span>, il ne vous reste plus qu&rsquo;\u00e0 choisir&#8230; ou pas !<\/p>\n<p class=\"p1\">Au programme&nbsp;:<\/p>\n<ul>\n<li class=\"p1\"><span class=\"Apple-converted-space\">T<\/span>echniques et recherches des <span style=\"color: #000080;\"><strong>spots de p\u00eache<\/strong><\/span><\/li>\n<li class=\"p1\"><span style=\"color: #000080;\"><strong>Biodiversit\u00e9<\/strong> <\/span>de la Seine ou des \u00e9tangs environnants<\/li>\n<li><span style=\"color: #000080;\"><strong>Apprentissage des techniques de p\u00eache et mat\u00e9riels ad\u00e9quats<\/strong><\/span><\/li>\n<li class=\"p1\">R\u00e9ponse \u00e0 toutes les <strong><span style=\"color: #000080;\">questions sur le mat\u00e9riel, amor\u00e7age, r\u00e9glementation, etc&#8230;<\/span><\/strong><\/li>\n<li><strong><span style=\"color: #000080;\">Collation<\/span> <\/strong>au bord de l&rsquo;eau<\/li>\n<\/ul>\n<p class=\"p1\">Le tout dans la bonne humeur, la convivialit\u00e9 et le respect du milieu aquatique !<\/p>\n<p>Tout le mat\u00e9riel sera fourni (hors carte de p\u00eache).<\/p>\n<hr>\n<p><span style=\"color: #000080;\"><strong>Renseignements et r\u00e9servations :<\/strong><\/span><\/p>\n<p>Stanislas Walotek (guide de p\u00eache) au <span style=\"color: #000080;\"><strong><a style=\"color: #000080;\" href=\"tel:+33677011950\">0677011950<\/a><\/strong> <\/span>ou <span style=\"color: #000080;\"><strong><a style=\"color: #000080;\" href=\"mailto:panam.fishing@outlook.fr\">panam.fishing@outlook.fr<\/a><\/strong><\/span><\/p>\n<hr>\n\n\n<figure class=\"wp-block-gallery has-nested-images columns-default is-cropped wp-block-gallery-1 is-layout-flex wp-block-gallery-is-layout-flex\">\n<figure class=\"wp-block-image size-large\"><img loading=\"lazy\" decoding=\"async\" width=\"1024\" height=\"768\" data-id=\"358\" src=\"http:\/\/panamfishing.fr\/wp-content\/uploads\/2019\/01\/Guide-de-p\u00eache-team-building.-Paris-1024x768.jpg\" alt=\"cours de p\u00eache Paris\nguide de p\u00eache Paris\n\u00e9cole de p\u00eache Paris\nstage p\u00eache Paris\" class=\"wp-image-358\" srcset=\"https:\/\/panamfishing.fr\/wp-content\/uploads\/2019\/01\/Guide-de-p\u00eache-team-building.-Paris-1024x768.jpg 1024w, https:\/\/panamfishing.fr\/wp-content\/uploads\/2019\/01\/Guide-de-p\u00eache-team-building.-Paris-300x225.jpg 300w, https:\/\/panamfishing.fr\/wp-content\/uploads\/2019\/01\/Guide-de-p\u00eache-team-building.-Paris-768x576.jpg 768w\" sizes=\"(max-width: 706px) 89vw, (max-width: 767px) 82vw, 740px\" \/><\/figure>\n\n\n\n<figure class=\"wp-block-image size-large\"><img loading=\"lazy\" decoding=\"async\" width=\"1024\" height=\"768\" data-id=\"360\" src=\"http:\/\/panamfishing.fr\/wp-content\/uploads\/2019\/01\/guide-de-p\u00eache-1024x768.jpg\" alt=\"cours de p\u00eache Paris\nguide de p\u00eache Paris\n\u00e9cole de p\u00eache Paris\nstage p\u00eache Paris\" class=\"wp-image-360\" srcset=\"https:\/\/panamfishing.fr\/wp-content\/uploads\/2019\/01\/guide-de-p\u00eache-1024x768.jpg 1024w, https:\/\/panamfishing.fr\/wp-content\/uploads\/2019\/01\/guide-de-p\u00eache-300x225.jpg 300w, https:\/\/panamfishing.fr\/wp-content\/uploads\/2019\/01\/guide-de-p\u00eache-768x576.jpg 768w\" sizes=\"(max-width: 706px) 89vw, (max-width: 767px) 82vw, 740px\" \/><\/figure>\n<figcaption class=\"blocks-gallery-caption wp-element-caption\">Team Building.<\/figcaption><\/figure>\n","protected":false},"excerpt":{"rendered":"<p>Vous recherchez une activit\u00e9 f\u00e9d\u00e9ratrice et originale pour vos salari\u00e9s ? Panam Fishing vous propose de partager un moment convivial, divertissant et ludique en \u00e9quipe lors d&rsquo;un Team Building m\u00e9langeant nature et urbanisme. Vos collaborateurs, encadr\u00e9s par un Guide de P\u00eache professionnel, seront initi\u00e9s \u00e0 la technique souhait\u00e9e :&nbsp; Coup, Leurres, Feeder, Carpe, Silure ou &hellip; <\/p>\n<p class=\"link-more\"><a href=\"https:\/\/panamfishing.fr\/index.php\/team-building\/\" class=\"more-link\">Continuer la lecture<span class=\"screen-reader-text\"> de &laquo;&nbsp;Les Team Building&nbsp;&raquo;<\/span><\/a><\/p>\n","protected":false},"author":1,"featured_media":0,"parent":0,"menu_order":0,"comment_status":"closed","ping_status":"closed","template":"","meta":{"footnotes":""},"aioseo_notices":[],"_links":{"self":[{"href":"https:\/\/panamfishing.fr\/index.php\/wp-json\/wp\/v2\/pages\/95"}],"collection":[{"href":"https:\/\/panamfishing.fr\/index.php\/wp-json\/wp\/v2\/pages"}],"about":[{"href":"https:\/\/panamfishing.fr\/index.php\/wp-json\/wp\/v2\/types\/page"}],"author":[{"embeddable":true,"href":"https:\/\/panamfishing.fr\/index.php\/wp-json\/wp\/v2\/users\/1"}],"replies":[{"embeddable":true,"href":"https:\/\/panamfishing.fr\/index.php\/wp-json\/wp\/v2\/comments?post=95"}],"version-history":[{"count":29,"href":"https:\/\/panamfishing.fr\/index.php\/wp-json\/wp\/v2\/pages\/95\/revisions"}],"predecessor-version":[{"id":1279,"href":"https:\/\/panamfishing.fr\/index.php\/wp-json\/wp\/v2\/pages\/95\/revisions\/1279"}],"wp:attachment":[{"href":"https:\/\/panamfishing.fr\/index.php\/wp-json\/wp\/v2\/media?parent=95"}],"curies":[{"name":"wp","href":"https:\/\/api.w.org\/{rel}","templated":true}]}}